{"id":989141,"date":"2025-12-10T18:48:44","date_gmt":"2025-12-10T18:48:44","guid":{"rendered":"https:\/\/crescere.hu\/?post_type=product&#038;p=989141"},"modified":"2025-12-10T20:23:53","modified_gmt":"2025-12-10T20:23:53","slug":"erdei-kopogtato-borokabogyoval-45-cm","status":"publish","type":"product","link":"https:\/\/crescere.hu\/en\/product\/erdei-kopogtato-borokabogyoval-45-cm\/","title":{"rendered":"Erdei kopogtat\u00f3 bor\u00f3kabogy\u00f3val &#8211; 45 cm"},"content":{"rendered":"<div data-elementor-type=\"product-post\" data-elementor-id=\"989141\" class=\"elementor elementor-989141\" data-elementor-post-type=\"product\">\n\t\t\t\t<div class=\"elementor-element elementor-element-149d9b08 e-flex e-con-boxed e-con e-parent\" data-id=\"149d9b08\" data-element_type=\"container\">\n\t\t\t\t\t<div class=\"e-con-inner\">\n\t\t\t\t<div class=\"vamtam-has-theme-widget-styles elementor-element elementor-element-3a48a9e0 elementor-widget elementor-widget-text-editor\" data-id=\"3a48a9e0\" data-element_type=\"widget\" data-widget_type=\"text-editor.default\">\n\t\t\t\t<div class=\"elementor-widget-container\">\n\t\t\t\t\t\t\t\t\t<img fetchpriority=\"high\" decoding=\"async\" class=\"alignnone size-medium wp-image-989142\" src=\"https:\/\/crescere.hu\/wp-content\/uploads\/2025\/12\/1765391216710-276x300.jpg\" alt=\"\" width=\"276\" height=\"300\" srcset=\"https:\/\/crescere.hu\/wp-content\/uploads\/2025\/12\/1765391216710-276x300.jpg 276w, https:\/\/crescere.hu\/wp-content\/uploads\/2025\/12\/1765391216710-943x1024.jpg 943w, https:\/\/crescere.hu\/wp-content\/uploads\/2025\/12\/1765391216710-768x834.jpg 768w, https:\/\/crescere.hu\/wp-content\/uploads\/2025\/12\/1765391216710-1414x1536.jpg 1414w, https:\/\/crescere.hu\/wp-content\/uploads\/2025\/12\/1765391216710-11x12.jpg 11w, https:\/\/crescere.hu\/wp-content\/uploads\/2025\/12\/1765391216710-1260x1369.jpg 1260w, https:\/\/crescere.hu\/wp-content\/uploads\/2025\/12\/1765391216710-1320x1434.jpg 1320w, https:\/\/crescere.hu\/wp-content\/uploads\/2025\/12\/1765391216710-630x684.jpg 630w, https:\/\/crescere.hu\/wp-content\/uploads\/2025\/12\/1765391216710.jpg 1800w\" sizes=\"(max-width: 276px) 100vw, 276px\" \/>\t\t\t\t\t\t\t\t<\/div>\n\t\t\t\t<\/div>\n\t\t\t\t\t<\/div>\n\t\t\t\t<\/div>\n\t\t<div class=\"elementor-element elementor-element-6e93a2f e-flex e-con-boxed e-con e-parent\" data-id=\"6e93a2f\" data-element_type=\"container\">\n\t\t\t\t\t<div class=\"e-con-inner\">\n\t\t\t\t<div class=\"elementor-element elementor-element-d062780 elementor-widget elementor-widget-sitemap\" data-id=\"d062780\" data-element_type=\"widget\" data-widget_type=\"sitemap.default\">\n\t\t\t\t<div class=\"elementor-widget-container\">\n\t\t\t\t\t<div class=\"elementor-sitemap-wrap\"><div class=\"elementor-sitemap-section\"><h2 class=\"elementor-sitemap-title elementor-sitemap-page-title\">Oldalak<\/h2><ul class=\"elementor-sitemap-list elementor-sitemap-page-list\"><li class=\"elementor-sitemap-item elementor-sitemap-item-page page_item page-item-988395\"><a href=\"https:\/\/crescere.hu\/en\/altalanos-szerzodesi-feltetelek\/\">\u00c1ltal\u00e1nos szerz\u0151d\u00e9si felt\u00e9telek<\/a><\/li><li class=\"elementor-sitemap-item elementor-sitemap-item-page page_item page-item-988392\"><a href=\"https:\/\/crescere.hu\/en\/adatkezelesi-tajekoztato\/\">Adatkezel\u00e9si t\u00e1j\u00e9koztat\u00f3<\/a><\/li><li class=\"elementor-sitemap-item elementor-sitemap-item-page page_item page-item-988389\"><a href=\"https:\/\/crescere.hu\/en\/impresszum\/\">Impresszum<\/a><\/li><li class=\"elementor-sitemap-item elementor-sitemap-item-page page_item page-item-988114\"><a href=\"https:\/\/crescere.hu\/en\/eskuvoi-csomagok\/\">Esk\u00fcv\u0151i csomagok<\/a><\/li><li class=\"elementor-sitemap-item elementor-sitemap-item-page page_item page-item-988016\"><a href=\"https:\/\/crescere.hu\/en\/rolam\/\">R\u00f3lam<\/a><\/li><li class=\"elementor-sitemap-item elementor-sitemap-item-page page_item page-item-987995\"><a href=\"https:\/\/crescere.hu\/en\/eskuvoi-ajanlatkeres\/\">Wedding quote request<\/a><\/li><li class=\"elementor-sitemap-item elementor-sitemap-item-page page_item page-item-987983\"><a href=\"https:\/\/crescere.hu\/en\/shop\/\">Shop<\/a><\/li><li class=\"elementor-sitemap-item elementor-sitemap-item-page page_item page-item-987967\"><a href=\"https:\/\/crescere.hu\/en\/workshopok\/\">Workshops<\/a><\/li><li class=\"elementor-sitemap-item elementor-sitemap-item-page page_item page-item-4386\"><a href=\"https:\/\/crescere.hu\/en\/rendeles-teljesitve\/\">order completed<\/a><\/li><li class=\"elementor-sitemap-item elementor-sitemap-item-page page_item page-item-1010\"><a href=\"https:\/\/crescere.hu\/en\/rendeles-allapotanak-ellenorzese\/\">Rendel\u00e9s \u00e1llapot\u00e1nak ellen\u0151rz\u00e9se<\/a><\/li><li class=\"elementor-sitemap-item elementor-sitemap-item-page page_item page-item-384\"><a href=\"https:\/\/crescere.hu\/en\/kapcsolat\/\">Kapcsolat<\/a><\/li><li class=\"elementor-sitemap-item elementor-sitemap-item-page page_item page-item-218\"><a href=\"https:\/\/crescere.hu\/en\/eskuvok\/\">Esk\u00fcv\u0151k<\/a><\/li><li class=\"elementor-sitemap-item elementor-sitemap-item-page page_item page-item-204\"><a href=\"https:\/\/crescere.hu\/en\/galeria\/\">Gal\u00e9ria<\/a><\/li><li class=\"elementor-sitemap-item elementor-sitemap-item-page page_item page-item-14\"><a href=\"https:\/\/crescere.hu\/en\">Kezd\u0151lap 1<\/a><\/li><li class=\"elementor-sitemap-item elementor-sitemap-item-page page_item page-item-21984\"><a href=\"https:\/\/crescere.hu\/en\/kosar\/\">cart<\/a><\/li><li class=\"elementor-sitemap-item elementor-sitemap-item-page page_item page-item-9\"><a href=\"https:\/\/crescere.hu\/en\/fiokom-2\/\">Fi\u00f3kom<\/a><\/li><li class=\"elementor-sitemap-item elementor-sitemap-item-page page_item page-item-8\"><a href=\"https:\/\/crescere.hu\/en\/penztar\/\">checkout<\/a><\/li><\/ul><\/div><div class=\"elementor-sitemap-section\"><h2 class=\"elementor-sitemap-title elementor-sitemap-category-title\">Kateg\u00f3ri\u00e1k<\/h2><span class=\"elementor-sitemap-list elementor-sitemap-category-list\">None<\/span><\/div><div class=\"elementor-sitemap-section elementor-sitemap-section\"><h2 class=\"elementor-sitemap-title elementor-sitemap-page-title elementor-sitemap-title elementor-sitemap-page-title\">Pages<\/h2><ul class=\"elementor-sitemap-list elementor-sitemap-page-list elementor-sitemap-list elementor-sitemap-page-list\"><li class=\"elementor-sitemap-item elementor-sitemap-item-page elementor-sitemap-item elementor-sitemap-item-page page_item page-item-988395\"><a href=\"https:\/\/crescere.hu\/en\/altalanos-szerzodesi-feltetelek\/\">\u00c1ltal\u00e1nos szerz\u0151d\u00e9si felt\u00e9telek<\/a><\/li><li class=\"elementor-sitemap-item elementor-sitemap-item-page elementor-sitemap-item elementor-sitemap-item-page page_item page-item-988392\"><a href=\"https:\/\/crescere.hu\/en\/adatkezelesi-tajekoztato\/\">Adatkezel\u00e9si t\u00e1j\u00e9koztat\u00f3<\/a><\/li><li class=\"elementor-sitemap-item elementor-sitemap-item-page elementor-sitemap-item elementor-sitemap-item-page page_item page-item-988389\"><a href=\"https:\/\/crescere.hu\/en\/impresszum\/\">Impresszum<\/a><\/li><li class=\"elementor-sitemap-item elementor-sitemap-item-page elementor-sitemap-item elementor-sitemap-item-page page_item page-item-988114\"><a href=\"https:\/\/crescere.hu\/en\/eskuvoi-csomagok\/\">Esk\u00fcv\u0151i csomagok<\/a><\/li><li class=\"elementor-sitemap-item elementor-sitemap-item-page elementor-sitemap-item elementor-sitemap-item-page page_item page-item-988016\"><a href=\"https:\/\/crescere.hu\/en\/rolam\/\">R\u00f3lam<\/a><\/li><li class=\"elementor-sitemap-item elementor-sitemap-item-page elementor-sitemap-item elementor-sitemap-item-page page_item page-item-987995\"><a href=\"https:\/\/crescere.hu\/en\/eskuvoi-ajanlatkeres\/\">Wedding quote request<\/a><\/li><li class=\"elementor-sitemap-item elementor-sitemap-item-page elementor-sitemap-item elementor-sitemap-item-page page_item page-item-987983\"><a href=\"https:\/\/crescere.hu\/en\/shop\/\">Shop<\/a><\/li><li class=\"elementor-sitemap-item elementor-sitemap-item-page elementor-sitemap-item elementor-sitemap-item-page page_item page-item-987967\"><a href=\"https:\/\/crescere.hu\/en\/workshopok\/\">Workshops<\/a><\/li><li class=\"elementor-sitemap-item elementor-sitemap-item-page elementor-sitemap-item elementor-sitemap-item-page page_item page-item-4386\"><a href=\"https:\/\/crescere.hu\/en\/rendeles-teljesitve\/\">order completed<\/a><\/li><li class=\"elementor-sitemap-item elementor-sitemap-item-page elementor-sitemap-item elementor-sitemap-item-page page_item page-item-1010\"><a href=\"https:\/\/crescere.hu\/en\/rendeles-allapotanak-ellenorzese\/\">Rendel\u00e9s \u00e1llapot\u00e1nak ellen\u0151rz\u00e9se<\/a><\/li><li class=\"elementor-sitemap-item elementor-sitemap-item-page elementor-sitemap-item elementor-sitemap-item-page page_item page-item-384\"><a href=\"https:\/\/crescere.hu\/en\/kapcsolat\/\">Kapcsolat<\/a><\/li><li class=\"elementor-sitemap-item elementor-sitemap-item-page elementor-sitemap-item elementor-sitemap-item-page page_item page-item-218\"><a href=\"https:\/\/crescere.hu\/en\/eskuvok\/\">Esk\u00fcv\u0151k<\/a><\/li><li class=\"elementor-sitemap-item elementor-sitemap-item-page elementor-sitemap-item elementor-sitemap-item-page page_item page-item-204\"><a href=\"https:\/\/crescere.hu\/en\/galeria\/\">Gal\u00e9ria<\/a><\/li><li class=\"elementor-sitemap-item elementor-sitemap-item-page elementor-sitemap-item elementor-sitemap-item-page page_item page-item-14\"><a href=\"https:\/\/crescere.hu\/en\">Kezd\u0151lap 1<\/a><\/li><li class=\"elementor-sitemap-item elementor-sitemap-item-page elementor-sitemap-item elementor-sitemap-item-page page_item page-item-21984\"><a href=\"https:\/\/crescere.hu\/en\/kosar\/\">cart<\/a><\/li><li class=\"elementor-sitemap-item elementor-sitemap-item-page elementor-sitemap-item elementor-sitemap-item-page page_item page-item-9\"><a href=\"https:\/\/crescere.hu\/en\/fiokom-2\/\">Fi\u00f3kom<\/a><\/li><li class=\"elementor-sitemap-item elementor-sitemap-item-page elementor-sitemap-item elementor-sitemap-item-page page_item page-item-8\"><a href=\"https:\/\/crescere.hu\/en\/penztar\/\">checkout<\/a><\/li><\/ul><\/div><\/div>\t\t\t\t<\/div>\n\t\t\t\t<\/div>\n\t\t\t\t\t<\/div>\n\t\t\t\t<\/div>\n\t\t\t\t<\/div>","protected":false},"excerpt":{"rendered":"<p>Letisztult erdei hangulat\u00fa, tart\u00f3s term\u00e9szetes \u00e9s illatos \u00e1gakb\u00f3l k\u00e9sz\u00fclt kopogtat\u00f3 szalaggal.<\/p>\n<p>V\u00e1laszd ezt a dekor\u00e1ci\u00f3t, ha szemet gy\u00f6ny\u00f6rk\u00f6dtet\u0151, de visszafogottabb kopogtat\u00f3t szeretn\u00e9l.<\/p>\n<p>A kopogtat\u00f3 eg\u00e9sz szezonban meg\u00e1llja majd a hely\u00e9t, nemcsak az \u00fcnnepek alatt.<\/p>\n<p>M\u00e9rete kb. 45 cm<\/p>","protected":false},"featured_media":0,"comment_status":"open","ping_status":"closed","template":"elementor_canvas","meta":{"_acf_changed":false},"product_brand":[],"product_cat":[134,132],"product_tag":[],"class_list":{"0":"post-989141","1":"product","2":"type-product","3":"status-publish","5":"product_cat-szezonalis-csokrok_kopogtatok","6":"product_cat-uromi-szallitas","8":"first","9":"instock","10":"shipping-taxable","11":"purchasable","12":"product-type-simple"},"acf":[],"jetpack_sharing_enabled":true,"_links":{"self":[{"href":"https:\/\/crescere.hu\/en\/wp-json\/wp\/v2\/product\/989141","targetHints":{"allow":["GET"]}}],"collection":[{"href":"https:\/\/crescere.hu\/en\/wp-json\/wp\/v2\/product"}],"about":[{"href":"https:\/\/crescere.hu\/en\/wp-json\/wp\/v2\/types\/product"}],"replies":[{"embeddable":true,"href":"https:\/\/crescere.hu\/en\/wp-json\/wp\/v2\/comments?post=989141"}],"version-history":[{"count":0,"href":"https:\/\/crescere.hu\/en\/wp-json\/wp\/v2\/product\/989141\/revisions"}],"wp:attachment":[{"href":"https:\/\/crescere.hu\/en\/wp-json\/wp\/v2\/media?parent=989141"}],"wp:term":[{"taxonomy":"product_brand","embeddable":true,"href":"https:\/\/crescere.hu\/en\/wp-json\/wp\/v2\/product_brand?post=989141"},{"taxonomy":"product_cat","embeddable":true,"href":"https:\/\/crescere.hu\/en\/wp-json\/wp\/v2\/product_cat?post=989141"},{"taxonomy":"product_tag","embeddable":true,"href":"https:\/\/crescere.hu\/en\/wp-json\/wp\/v2\/product_tag?post=989141"}],"curies":[{"name":"wp","href":"https:\/\/api.w.org\/{rel}","templated":true}]}}