{"id":989107,"date":"2025-12-08T13:52:26","date_gmt":"2025-12-08T13:52:26","guid":{"rendered":"https:\/\/crescere.hu\/?post_type=product&#038;p=989107"},"modified":"2025-12-10T18:42:00","modified_gmt":"2025-12-10T18:42:00","slug":"teli-kopogtato-ajtodisz","status":"publish","type":"product","link":"https:\/\/crescere.hu\/en\/product\/teli-kopogtato-ajtodisz\/","title":{"rendered":"T\u00e9li kopogtat\u00f3 ajt\u00f3d\u00edsz &#8211; 50 cm"},"content":{"rendered":"<div data-elementor-type=\"product-post\" data-elementor-id=\"989107\" class=\"elementor elementor-989107\" data-elementor-post-type=\"product\">\n\t\t\t\t\t\t<section class=\"elementor-section elementor-top-section elementor-element elementor-element-34459a1e elementor-section-boxed elementor-section-height-default elementor-section-height-default\" data-id=\"34459a1e\" data-element_type=\"section\">\n\t\t\t\t\t\t<div class=\"elementor-container elementor-column-gap-no\">\n\t\t\t\t\t<div class=\"elementor-column elementor-col-50 elementor-top-column elementor-element elementor-element-58ce1c1e\" data-id=\"58ce1c1e\" data-element_type=\"column\" data-settings=\"{&quot;background_background&quot;:&quot;classic&quot;}\">\n\t\t\t<div class=\"elementor-widget-wrap elementor-element-populated\">\n\t\t\t\t\t\t<div class=\"elementor-element elementor-element-289b36db e-transform elementor-widget__width-auto elementor-absolute elementor-widget-divider--view-line elementor-widget elementor-widget-divider\" data-id=\"289b36db\" data-element_type=\"widget\" data-settings=\"{&quot;_transform_rotateZ_effect&quot;:{&quot;unit&quot;:&quot;px&quot;,&quot;size&quot;:90,&quot;sizes&quot;:[]},&quot;_position&quot;:&quot;absolute&quot;,&quot;motion_fx_motion_fx_scrolling&quot;:&quot;yes&quot;,&quot;motion_fx_translateX_effect&quot;:&quot;yes&quot;,&quot;motion_fx_translateX_direction&quot;:&quot;negative&quot;,&quot;motion_fx_translateX_speed&quot;:{&quot;unit&quot;:&quot;px&quot;,&quot;size&quot;:2,&quot;sizes&quot;:[]},&quot;motion_fx_translateX_affectedRange&quot;:{&quot;unit&quot;:&quot;%&quot;,&quot;size&quot;:&quot;&quot;,&quot;sizes&quot;:{&quot;start&quot;:50,&quot;end&quot;:90}},&quot;motion_fx_devices&quot;:[&quot;desktop&quot;],&quot;_transform_rotateZ_effect_tablet&quot;:{&quot;unit&quot;:&quot;deg&quot;,&quot;size&quot;:&quot;&quot;,&quot;sizes&quot;:[]},&quot;_transform_rotateZ_effect_mobile&quot;:{&quot;unit&quot;:&quot;deg&quot;,&quot;size&quot;:&quot;&quot;,&quot;sizes&quot;:[]}}\" data-widget_type=\"divider.default\">\n\t\t\t\t<div class=\"elementor-widget-container\">\n\t\t\t\t\t\t\t<div class=\"elementor-divider\">\n\t\t\t<span class=\"elementor-divider-separator\">\n\t\t\t\t\t\t<\/span>\n\t\t<\/div>\n\t\t\t\t\t\t<\/div>\n\t\t\t\t<\/div>\n\t\t\t\t<div class=\"elementor-element elementor-element-4e84d67d e-transform elementor-widget__width-auto elementor-absolute elementor-widget elementor-widget-heading\" data-id=\"4e84d67d\" data-element_type=\"widget\" data-settings=\"{&quot;_transform_rotateZ_effect&quot;:{&quot;unit&quot;:&quot;px&quot;,&quot;size&quot;:-90,&quot;sizes&quot;:[]},&quot;_position&quot;:&quot;absolute&quot;,&quot;_transform_rotateZ_effect_tablet&quot;:{&quot;unit&quot;:&quot;deg&quot;,&quot;size&quot;:&quot;&quot;,&quot;sizes&quot;:[]},&quot;_transform_rotateZ_effect_mobile&quot;:{&quot;unit&quot;:&quot;deg&quot;,&quot;size&quot;:&quot;&quot;,&quot;sizes&quot;:[]}}\" data-widget_type=\"heading.default\">\n\t\t\t\t<div class=\"elementor-widget-container\">\n\t\t\t\t\t<h6 class=\"elementor-heading-title elementor-size-default\">Fiore flowers<\/h6>\t\t\t\t<\/div>\n\t\t\t\t<\/div>\n\t\t\t\t<div class=\"vamtam-has-theme-widget-styles elementor-element elementor-element-85a5d1e elementor-widget elementor-widget-image\" data-id=\"85a5d1e\" data-element_type=\"widget\" data-widget_type=\"image.default\">\n\t\t\t\t<div class=\"elementor-widget-container\">\n\t\t\t\t\t\t\t\t\t<div class=\"elementor-image\">\n\t\t\t\t\t\t\t\t\t\t\t\t\t\t\t\t\t\t\t\t\t<img decoding=\"async\" src=\"https:\/\/crescere.hu\/wp-content\/uploads\/2021\/12\/pexels-mart-production-8450540.jpg\" title=\"\" alt=\"\" loading=\"lazy\" \/>\t\t\t\t\t\t\t\t\t\t\t\t\t\t\t\t\t\t\t\t\t\t\t\t<\/div>\n\t\t\t\t\t\t\t\t<\/div>\n\t\t\t\t<\/div>\n\t\t\t\t\t<\/div>\n\t\t<\/div>\n\t\t\t\t<div class=\"elementor-column elementor-col-50 elementor-top-column elementor-element elementor-element-4e4f3afe\" data-id=\"4e4f3afe\" data-element_type=\"column\" data-settings=\"{&quot;background_background&quot;:&quot;classic&quot;}\">\n\t\t\t<div class=\"elementor-widget-wrap elementor-element-populated\">\n\t\t\t\t\t\t<div class=\"elementor-element elementor-element-4248e49e elementor-widget elementor-widget-heading\" data-id=\"4248e49e\" data-element_type=\"widget\" data-widget_type=\"heading.default\">\n\t\t\t\t<div class=\"elementor-widget-container\">\n\t\t\t\t\t<h3 class=\"elementor-heading-title elementor-size-default\">Care Instructions<\/h3>\t\t\t\t<\/div>\n\t\t\t\t<\/div>\n\t\t\t\t<div class=\"elementor-element elementor-element-138b9cc3 elementor-widget elementor-widget-heading\" data-id=\"138b9cc3\" data-element_type=\"widget\" data-widget_type=\"heading.default\">\n\t\t\t\t<div class=\"elementor-widget-container\">\n\t\t\t\t\t<h5 class=\"elementor-heading-title elementor-size-default\">Flowers Water<\/h5>\t\t\t\t<\/div>\n\t\t\t\t<\/div>\n\t\t\t\t<div class=\"vamtam-has-theme-widget-styles elementor-element elementor-element-7cc0941a elementor-widget elementor-widget-text-editor\" data-id=\"7cc0941a\" data-element_type=\"widget\" data-widget_type=\"text-editor.default\">\n\t\t\t\t<div class=\"elementor-widget-container\">\n\t\t\t\t\t\t\t\t\tChange vase water every other day (add flower food to the new water if available). All stems should be submerged. If your flowers came in a basket or other container with foam, add fresh water every day.\t\t\t\t\t\t\t\t<\/div>\n\t\t\t\t<\/div>\n\t\t\t\t<div class=\"elementor-element elementor-element-7ec24316 elementor-widget elementor-widget-heading\" data-id=\"7ec24316\" data-element_type=\"widget\" data-widget_type=\"heading.default\">\n\t\t\t\t<div class=\"elementor-widget-container\">\n\t\t\t\t\t<h5 class=\"elementor-heading-title elementor-size-default\">FLOWERS LIGHT\/TEMPERATURE<\/h5>\t\t\t\t<\/div>\n\t\t\t\t<\/div>\n\t\t\t\t<div class=\"vamtam-has-theme-widget-styles elementor-element elementor-element-68d3c085 elementor-widget elementor-widget-text-editor\" data-id=\"68d3c085\" data-element_type=\"widget\" data-widget_type=\"text-editor.default\">\n\t\t\t\t<div class=\"elementor-widget-container\">\n\t\t\t\t\t\t\t\t\tDisplay your bouquet or flower arrangement in a cool, draft-free area. Avoid direct sunlight, which causes the flowers to die more quickly.\t\t\t\t\t\t\t\t<\/div>\n\t\t\t\t<\/div>\n\t\t\t\t<div class=\"elementor-element elementor-element-58cd5989 elementor-widget elementor-widget-heading\" data-id=\"58cd5989\" data-element_type=\"widget\" data-widget_type=\"heading.default\">\n\t\t\t\t<div class=\"elementor-widget-container\">\n\t\t\t\t\t<h5 class=\"elementor-heading-title elementor-size-default\">FLOWERS PRUNING\t<\/h5>\t\t\t\t<\/div>\n\t\t\t\t<\/div>\n\t\t\t\t<div class=\"vamtam-has-theme-widget-styles elementor-element elementor-element-73c29972 elementor-widget elementor-widget-text-editor\" data-id=\"73c29972\" data-element_type=\"widget\" data-widget_type=\"text-editor.default\">\n\t\t\t\t<div class=\"elementor-widget-container\">\n\t\t\t\t\t\t\t\t\tImmediately remove dead or wilting leaves and stems. Recut your flower and foliage stems just before putting them back into new water.\t\t\t\t\t\t\t\t<\/div>\n\t\t\t\t<\/div>\n\t\t\t\t\t<\/div>\n\t\t<\/div>\n\t\t\t\t\t<\/div>\n\t\t<\/section>\n\t\t\t\t<\/div>","protected":false},"excerpt":{"rendered":"<p data-start=\"130\" data-end=\"182\"><strong data-start=\"133\" data-end=\"179\">XL m\u00e9ret\u0171, 50 cm \u00e1tm\u00e9r\u0151j\u0171 impoz\u00e1ns t\u00e9li kopogtat\u00f3<\/strong><\/p>\n<p data-start=\"184\" data-end=\"407\">Ha igaz\u00e1n <strong>\u00e9letvid\u00e1m \u00e9s szerethet\u0151<\/strong> aj\u00e1nd\u00e9kot keresel, ez a hatalmas, vadreg\u00e9nyesen hangulatos kopogtat\u00f3\u00a0a t\u00f6k\u00e9letes v\u00e1laszt\u00e1s!<br data-start=\"286\" data-end=\"289\" \/>Ez a nobilisb\u0151l, selyemfeny\u0151b\u0151l \u00e9s ciprusb\u00f3l k\u00e9sz\u00fclt mutat\u00f3s ajt\u00f3d\u00edsz nemcsak a gazd\u00e1j\u00e1nak okoz majd \u00f6r\u00f6m\u00f6t, de <strong>melegs\u00e9ggel \u00e9s szeretettel<\/strong> fogadja majd az h\u00e1z l\u00e1togat\u00f3it is.<\/p>\n<p data-start=\"409\" data-end=\"679\"><strong data-start=\"412\" data-end=\"432\">Aj\u00e1nd\u00e9kba? Igen!<\/strong> Egy ilyen, a t\u00e9li erd\u0151 hangulat\u00e1t id\u00e9z\u0151 dekor\u00e1ci\u00f3 nemcsak az adventi id\u0151szakban, hanem az eg\u00e9sz t\u00e9l folyam\u00e1n telital\u00e1lat\u00a0 \u2013 kar\u00e1csonyra, ut\u00f3kar\u00e1csonyra, sz\u00fclinapra, n\u00e9vnapra, b\u00e1rmilyen alkalomra vagy csak \u00fagy magunknak.<\/p>\n<p data-start=\"409\" data-end=\"679\"><strong data-start=\"516\" data-end=\"544\">Egy kis mesebeli var\u00e1zslat otthonra<\/strong> \u2013 t\u00f6k\u00e9letes dekor\u00e1ci\u00f3 lehet ajt\u00f3ra, kapura, ker\u00edt\u00e9sre vagy ak\u00e1r teraszra is.<br data-start=\"603\" data-end=\"606\" \/><strong data-start=\"609\" data-end=\"636\">Egyszer\u0171, m\u00e9gis hat\u00e1sos<\/strong> \u2013 minden koroszt\u00e1ly sz\u00edv\u00e9be belopja mag\u00e1t.<\/p>\n<p data-start=\"681\" data-end=\"836\"><strong>Term\u00e9szetes<\/strong>, h\u00f3napokig tart\u00f3s alapanyagokkal k\u00e9sz\u00fcl. A z\u00f6ld alap nem hullik, ink\u00e1bb csak sz\u00e1rad, a sz\u00e1rad\u00e1st vizes spriccel\u00e9ssel k\u00e9sleltethetj\u00fck.<br data-start=\"717\" data-end=\"720\" \/>K\u00e9zzel k\u00e9sz\u00fclt sz\u0151l\u0151vessz\u0151 alapra <strong>szeretettel<\/strong> k\u00f6t\u00f6tt, term\u00e9szetes dekor\u00e1ci\u00f3.<br \/>\nA term\u00e9k a k\u00e9pt\u0151l minim\u00e1lisan elt\u00e9rhet, hiszen egyedi term\u00e9kek k\u00e9sz\u00fclnek.<\/p>\n<p data-start=\"681\" data-end=\"836\">K\u00e9r\u00e9sre egy\u00e9ni elk\u00e9pzel\u00e9seket is megval\u00f3s\u00edtunk, keressetek b\u00e1rmelyik el\u00e9rhet\u0151s\u00e9g\u00fcnk\u00f6n bizalommal!<\/p>\n<p data-start=\"681\" data-end=\"836\">Ingyenes kisz\u00e1ll\u00edt\u00e1s \u00dcr\u00f6m\u00f6n \u00e9s Budapest II, III, IV. \u00e9s XIII. ker\u00fclet\u00e9ben, orsz\u00e1gos kisz\u00e1ll\u00edt\u00e1s 1800 Ft MPL csomagpontba.<\/p>","protected":false},"featured_media":989108,"comment_status":"closed","ping_status":"closed","template":"","meta":{"_acf_changed":false},"product_brand":[],"product_cat":[134,132],"product_tag":[],"class_list":{"0":"post-989107","1":"product","2":"type-product","3":"status-publish","4":"has-post-thumbnail","6":"product_cat-szezonalis-csokrok_kopogtatok","7":"product_cat-uromi-szallitas","8":"pa_color-other","9":"pa_color-purple","10":"pa_color-yellow","11":"pa_in-store-pickup-chicago","12":"pa_in-store-pickup-new-york","13":"pa_select-size-large","14":"pa_select-size-medium","15":"pa_select-size-small","17":"first","18":"instock","19":"shipping-taxable","20":"product-type-grouped"},"acf":[],"jetpack_sharing_enabled":true,"_links":{"self":[{"href":"https:\/\/crescere.hu\/en\/wp-json\/wp\/v2\/product\/989107","targetHints":{"allow":["GET"]}}],"collection":[{"href":"https:\/\/crescere.hu\/en\/wp-json\/wp\/v2\/product"}],"about":[{"href":"https:\/\/crescere.hu\/en\/wp-json\/wp\/v2\/types\/product"}],"replies":[{"embeddable":true,"href":"https:\/\/crescere.hu\/en\/wp-json\/wp\/v2\/comments?post=989107"}],"version-history":[{"count":0,"href":"https:\/\/crescere.hu\/en\/wp-json\/wp\/v2\/product\/989107\/revisions"}],"wp:featuredmedia":[{"embeddable":true,"href":"https:\/\/crescere.hu\/en\/wp-json\/wp\/v2\/media\/989108"}],"wp:attachment":[{"href":"https:\/\/crescere.hu\/en\/wp-json\/wp\/v2\/media?parent=989107"}],"wp:term":[{"taxonomy":"product_brand","embeddable":true,"href":"https:\/\/crescere.hu\/en\/wp-json\/wp\/v2\/product_brand?post=989107"},{"taxonomy":"product_cat","embeddable":true,"href":"https:\/\/crescere.hu\/en\/wp-json\/wp\/v2\/product_cat?post=989107"},{"taxonomy":"product_tag","embeddable":true,"href":"https:\/\/crescere.hu\/en\/wp-json\/wp\/v2\/product_tag?post=989107"}],"curies":[{"name":"wp","href":"https:\/\/api.w.org\/{rel}","templated":true}]}}