{"id":988954,"date":"2025-07-27T13:53:55","date_gmt":"2025-07-27T13:53:55","guid":{"rendered":"https:\/\/crescere.hu\/?post_type=product&#038;p=988954"},"modified":"2025-09-08T17:32:26","modified_gmt":"2025-09-08T17:32:26","slug":"uveg-kehely","status":"publish","type":"product","link":"https:\/\/crescere.hu\/en\/product\/uveg-kehely\/","title":{"rendered":"Clear glass goblet \u2013 240 ml"},"content":{"rendered":"","protected":false},"excerpt":{"rendered":"<p>\u00dcvegkelyhek (12 db b\u00e9relhet\u0151)<\/p>\n<p>A term\u00e9kek \u00e1tv\u00e9telekor a teljes b\u00e9rleti d\u00edj 25%-\u00e1nak megfelel\u0151 kauci\u00f3 fizetend\u0151 k\u00e9szp\u00e9nzben.<\/p>\n<p>A b\u00e9relt term\u00e9kek hi\u00e1nyosan vagy s\u00e9r\u00fclten t\u00f6rt\u00e9n\u0151 visszahozatala eset\u00e9n k\u00e1rt\u00e9r\u00edt\u00e9si d\u00edjat sz\u00e1m\u00edtunk fel, amely el\u00e9rheti az adott term\u00e9k b\u00e9rleti d\u00edj\u00e1nak ak\u00e1r 300%-\u00e1t is. Ez az \u00f6sszeg a kauci\u00f3b\u00f3l ker\u00fcl levon\u00e1sra. Amennyiben a kauci\u00f3 nem fedezi a keletkezett k\u00e1rt, a k\u00fcl\u00f6nb\u00f6zetet ut\u00f3lag sz\u00e1ml\u00e1zzuk ki.<\/p>\n<p>A p\u00f3td\u00edj m\u00e9rt\u00e9k\u00e9t befoly\u00e1solja a term\u00e9k p\u00f3tolhat\u00f3s\u00e1ga \u00e9s az okozott k\u00e1r jellege.<\/p>","protected":false},"featured_media":988965,"comment_status":"open","ping_status":"closed","template":"","meta":{"_acf_changed":false},"product_brand":[],"product_cat":[132],"product_tag":[],"class_list":{"0":"post-988954","1":"product","2":"type-product","3":"status-publish","4":"has-post-thumbnail","6":"product_cat-uromi-szallitas","8":"first","9":"instock","10":"shipping-taxable","11":"purchasable","12":"product-type-simple"},"acf":[],"jetpack_sharing_enabled":true,"_links":{"self":[{"href":"https:\/\/crescere.hu\/en\/wp-json\/wp\/v2\/product\/988954","targetHints":{"allow":["GET"]}}],"collection":[{"href":"https:\/\/crescere.hu\/en\/wp-json\/wp\/v2\/product"}],"about":[{"href":"https:\/\/crescere.hu\/en\/wp-json\/wp\/v2\/types\/product"}],"replies":[{"embeddable":true,"href":"https:\/\/crescere.hu\/en\/wp-json\/wp\/v2\/comments?post=988954"}],"version-history":[{"count":0,"href":"https:\/\/crescere.hu\/en\/wp-json\/wp\/v2\/product\/988954\/revisions"}],"wp:featuredmedia":[{"embeddable":true,"href":"https:\/\/crescere.hu\/en\/wp-json\/wp\/v2\/media\/988965"}],"wp:attachment":[{"href":"https:\/\/crescere.hu\/en\/wp-json\/wp\/v2\/media?parent=988954"}],"wp:term":[{"taxonomy":"product_brand","embeddable":true,"href":"https:\/\/crescere.hu\/en\/wp-json\/wp\/v2\/product_brand?post=988954"},{"taxonomy":"product_cat","embeddable":true,"href":"https:\/\/crescere.hu\/en\/wp-json\/wp\/v2\/product_cat?post=988954"},{"taxonomy":"product_tag","embeddable":true,"href":"https:\/\/crescere.hu\/en\/wp-json\/wp\/v2\/product_tag?post=988954"}],"curies":[{"name":"wp","href":"https:\/\/api.w.org\/{rel}","templated":true}]}}