{"id":988245,"date":"2025-05-29T11:31:13","date_gmt":"2025-05-29T11:31:13","guid":{"rendered":"https:\/\/crescere.hu\/?post_type=product&#038;p=988245"},"modified":"2025-07-27T14:25:37","modified_gmt":"2025-07-27T14:25:37","slug":"szarazvirag-dekoracios-szett","status":"publish","type":"product","link":"https:\/\/crescere.hu\/en\/product\/szarazvirag-dekoracios-szett\/","title":{"rendered":"Dried flower decoration set"},"content":{"rendered":"","protected":false},"excerpt":{"rendered":"<p><strong>Sz\u00e1razvir\u00e1g menyasszonyi csokor + aj\u00e1nd\u00e9k v\u0151leg\u00e9ny kit\u0171z\u0151<\/strong><\/p>\n<p><strong>Tartalmazza:<\/strong><\/p>\n<ul>\n<li>1 db menyasszonyi csokor<\/li>\n<li>1 db v\u0151leg\u00e9ny kit\u0171z\u0151<\/li>\n<\/ul>\n<p>Egyedi megrendel\u00e9sre tov\u00e1bbi harmoniz\u00e1l\u00f3 dekor\u00e1ci\u00f3s elemet is k\u00e9sz\u00edt\u00fcnk a szetthez<\/p>","protected":false},"featured_media":12890,"comment_status":"closed","ping_status":"closed","template":"","meta":{"_acf_changed":false},"product_brand":[],"product_cat":[132],"product_tag":[],"class_list":{"0":"post-988245","1":"product","2":"type-product","3":"status-publish","4":"has-post-thumbnail","6":"product_cat-uromi-szallitas","8":"first","9":"instock","10":"shipping-taxable","11":"purchasable","12":"product-type-simple"},"acf":[],"jetpack_sharing_enabled":true,"_links":{"self":[{"href":"https:\/\/crescere.hu\/en\/wp-json\/wp\/v2\/product\/988245","targetHints":{"allow":["GET"]}}],"collection":[{"href":"https:\/\/crescere.hu\/en\/wp-json\/wp\/v2\/product"}],"about":[{"href":"https:\/\/crescere.hu\/en\/wp-json\/wp\/v2\/types\/product"}],"replies":[{"embeddable":true,"href":"https:\/\/crescere.hu\/en\/wp-json\/wp\/v2\/comments?post=988245"}],"version-history":[{"count":0,"href":"https:\/\/crescere.hu\/en\/wp-json\/wp\/v2\/product\/988245\/revisions"}],"wp:featuredmedia":[{"embeddable":true,"href":"https:\/\/crescere.hu\/en\/wp-json\/wp\/v2\/media\/12890"}],"wp:attachment":[{"href":"https:\/\/crescere.hu\/en\/wp-json\/wp\/v2\/media?parent=988245"}],"wp:term":[{"taxonomy":"product_brand","embeddable":true,"href":"https:\/\/crescere.hu\/en\/wp-json\/wp\/v2\/product_brand?post=988245"},{"taxonomy":"product_cat","embeddable":true,"href":"https:\/\/crescere.hu\/en\/wp-json\/wp\/v2\/product_cat?post=988245"},{"taxonomy":"product_tag","embeddable":true,"href":"https:\/\/crescere.hu\/en\/wp-json\/wp\/v2\/product_tag?post=988245"}],"curies":[{"name":"wp","href":"https:\/\/api.w.org\/{rel}","templated":true}]}}