{"id":988131,"date":"2025-05-28T11:59:41","date_gmt":"2025-05-28T11:59:41","guid":{"rendered":"https:\/\/crescere.hu\/?post_type=product&#038;p=988131"},"modified":"2025-07-27T09:41:32","modified_gmt":"2025-07-27T09:41:32","slug":"komplex-csomag","status":"publish","type":"product","link":"https:\/\/crescere.hu\/en\/product\/komplex-csomag\/","title":{"rendered":"Comprehensive package"},"content":{"rendered":"","protected":false},"excerpt":{"rendered":"<p>If you want your floral decorations to seamlessly blend with the atmosphere of your day while being executed smoothly and stress-free, this package is designed just for you. These basic sets include the essential elements and, together with on-site installation, provide a complete experience \u2013 so all you have to do is enjoy the moment.<\/p>\n<p data-start=\"1098\" data-end=\"1257\"><em data-start=\"1098\" data-end=\"1257\">Az \u00e1rak t\u00e1j\u00e9koztat\u00f3 jelleg\u0171ek, minden csomag ig\u00e9ny szerint tov\u00e1bb alak\u00edthat\u00f3.<br \/>\nA c\u00e9lunk, hogy a dekor\u00e1ci\u00f3 pontosan titeket t\u00fckr\u00f6zz\u00f6n \u2013 term\u00e9szetesen, sz\u00edvvel.<\/em><\/p>\n<p><b>Our comprehensive package includes:<\/b><\/p>\n<ul>\n<li><span style=\"font-weight: 400;\">1 bridal bouquet <\/span><\/li>\n<li><span style=\"font-weight: 400;\">3\u20136 boutonnieres (matching the bouquet)<\/span><\/li>\n<li><span style=\"font-weight: 400;\">2\u20135 bridesmaids\u2019 bouquets<\/span><\/li>\n<li><span style=\"font-weight: 400;\">The ceremony and entrance aisle decorations were adorned<\/span><\/li>\n<li><span style=\"font-weight: 400;\">We can assist with parent appreciation gifts based on prior consultation.<\/span><\/li>\n<li><span style=\"font-weight: 400;\">1 head table arrangement<\/span><\/li>\n<li style=\"text-align: left;\"><span style=\"font-weight: 400;\"><span style=\"font-weight: 400;\">5\u20138 table centerpieces<\/span><\/span>&nbsp;<\/li>\n<\/ul>","protected":false},"featured_media":988133,"comment_status":"closed","ping_status":"closed","template":"","meta":{"_acf_changed":false},"product_brand":[],"product_cat":[131,133],"product_tag":[],"class_list":{"0":"post-988131","1":"product","2":"type-product","3":"status-publish","4":"has-post-thumbnail","6":"product_cat-eskuvoi-csomagok-helyszini-installacioval","7":"product_cat-helyszini-installacio","9":"first","10":"instock","11":"shipping-taxable","12":"purchasable","13":"product-type-simple"},"acf":[],"jetpack_sharing_enabled":true,"_links":{"self":[{"href":"https:\/\/crescere.hu\/en\/wp-json\/wp\/v2\/product\/988131","targetHints":{"allow":["GET"]}}],"collection":[{"href":"https:\/\/crescere.hu\/en\/wp-json\/wp\/v2\/product"}],"about":[{"href":"https:\/\/crescere.hu\/en\/wp-json\/wp\/v2\/types\/product"}],"replies":[{"embeddable":true,"href":"https:\/\/crescere.hu\/en\/wp-json\/wp\/v2\/comments?post=988131"}],"version-history":[{"count":0,"href":"https:\/\/crescere.hu\/en\/wp-json\/wp\/v2\/product\/988131\/revisions"}],"wp:featuredmedia":[{"embeddable":true,"href":"https:\/\/crescere.hu\/en\/wp-json\/wp\/v2\/media\/988133"}],"wp:attachment":[{"href":"https:\/\/crescere.hu\/en\/wp-json\/wp\/v2\/media?parent=988131"}],"wp:term":[{"taxonomy":"product_brand","embeddable":true,"href":"https:\/\/crescere.hu\/en\/wp-json\/wp\/v2\/product_brand?post=988131"},{"taxonomy":"product_cat","embeddable":true,"href":"https:\/\/crescere.hu\/en\/wp-json\/wp\/v2\/product_cat?post=988131"},{"taxonomy":"product_tag","embeddable":true,"href":"https:\/\/crescere.hu\/en\/wp-json\/wp\/v2\/product_tag?post=988131"}],"curies":[{"name":"wp","href":"https:\/\/api.w.org\/{rel}","templated":true}]}}