{"id":988129,"date":"2025-05-28T11:55:32","date_gmt":"2025-05-28T11:55:32","guid":{"rendered":"https:\/\/crescere.hu\/?post_type=product&#038;p=988129"},"modified":"2025-07-16T16:32:51","modified_gmt":"2025-07-16T16:32:51","slug":"kozepes-csomag","status":"publish","type":"product","link":"https:\/\/crescere.hu\/en\/product\/kozepes-csomag\/","title":{"rendered":"Medium package"},"content":{"rendered":"<div class=\"vgblk-rw-wrapper limit-wrapper\">\n<section class=\"elementor-section elementor-top-section elementor-element elementor-element-68daa687 elementor-section-full_width elementor-section-height-default elementor-section-height-default\" data-id=\"68daa687\" data-element_type=\"section\">\n<div class=\"elementor-container elementor-column-gap-no\">\n<div class=\"elementor-column elementor-col-100 elementor-top-column elementor-element elementor-element-261aa3c\" data-id=\"261aa3c\" data-element_type=\"column\">\n<div class=\"elementor-widget-wrap elementor-element-populated\">\n<div class=\"elementor-element elementor-element-23dcb307 elementor-widget elementor-widget-woocommerce-product-content\" data-id=\"23dcb307\" data-element_type=\"widget\" data-widget_type=\"woocommerce-product-content.default\">\n<div class=\"elementor-widget-container\">\n<div class=\"vgblk-rw-wrapper limit-wrapper\">\n<p data-start=\"1098\" data-end=\"1257\">\n<\/div>\n<\/div>\n<\/div>\n<\/div>\n<\/div>\n<\/div>\n<\/section>\n<section class=\"elementor-section elementor-top-section elementor-element elementor-element-2d5dd6d6 elementor-section-boxed elementor-section-height-default elementor-section-height-default\" data-id=\"2d5dd6d6\" data-element_type=\"section\">\n<div class=\"elementor-container elementor-column-gap-no\">\n<div class=\"elementor-column elementor-col-100 elementor-top-column elementor-element elementor-element-25c04d1a\" data-id=\"25c04d1a\" data-element_type=\"column\">\n<div class=\"elementor-widget-wrap elementor-element-populated\">\n<div class=\"elementor-element elementor-element-71d14e86 elementor-widget elementor-widget-heading animated fadeInUp\" data-id=\"71d14e86\" data-element_type=\"widget\" data-settings=\"{&quot;_animation&quot;:&quot;fadeInUp&quot;,&quot;_animation_tablet&quot;:&quot;none&quot;}\" data-widget_type=\"heading.default\">\n<div class=\"elementor-widget-container\"><\/div>\n<\/div>\n<\/div>\n<\/div>\n<\/div>\n<\/section>\n<\/div>\n<p><!-- .vgblk-rw-wrapper --><\/p>","protected":false},"excerpt":{"rendered":"<p>&nbsp;<\/p>\n<section class=\"elementor-section elementor-top-section elementor-element elementor-element-68daa687 elementor-section-full_width elementor-section-height-default elementor-section-height-default\" data-id=\"68daa687\" data-element_type=\"section\">\n<div class=\"elementor-container elementor-column-gap-no\">\n<div class=\"elementor-column elementor-col-100 elementor-top-column elementor-element elementor-element-261aa3c\" data-id=\"261aa3c\" data-element_type=\"column\">\n<div class=\"elementor-widget-wrap elementor-element-populated\">\n<div class=\"elementor-element elementor-element-23dcb307 elementor-widget elementor-widget-woocommerce-product-content\" data-id=\"23dcb307\" data-element_type=\"widget\" data-widget_type=\"woocommerce-product-content.default\">\n<div class=\"elementor-widget-container\">\n<div class=\"vgblk-rw-wrapper limit-wrapper\">\n<p>If you want your floral decorations to seamlessly blend with the atmosphere of your day while being executed smoothly and stress-free, this package is designed just for you. These basic sets include the essential elements and, together with on-site installation, provide a complete experience \u2013 so all you have to do is enjoy the moment.<\/p>\n<p data-start=\"1098\" data-end=\"1257\"><em data-start=\"1098\" data-end=\"1257\">Az \u00e1rak t\u00e1j\u00e9koztat\u00f3 jelleg\u0171ek, minden csomag ig\u00e9ny szerint tov\u00e1bb alak\u00edthat\u00f3.<br \/>\nA c\u00e9lunk, hogy a dekor\u00e1ci\u00f3 pontosan titeket t\u00fckr\u00f6zz\u00f6n \u2013 term\u00e9szetesen, sz\u00edvvel.<\/em><\/p>\n<\/div>\n<\/div>\n<\/div>\n<\/div>\n<\/div>\n<\/div>\n<\/section>\n<p><b>K\u00f6zepes csomagunk tartalmaz:<\/b><\/p>\n<ul>\n<li><span style=\"font-weight: 400;\">1 bridal bouquet<\/span><\/li>\n<li><span style=\"font-weight: 400;\">3\u20135 boutonnieres (matching the bouquet)<\/span><\/li>\n<li><span style=\"font-weight: 400;\">the ceremony decoration<\/span><\/li>\n<li><span style=\"font-weight: 400;\">1 head table arrangement with backdrop decoration<\/span><\/li>\n<li><span style=\"font-weight: 400;\">and 4\u20136 table centerpieces<\/span><\/li>\n<\/ul>","protected":false},"featured_media":10136,"comment_status":"closed","ping_status":"closed","template":"","meta":{"_acf_changed":false},"product_brand":[],"product_cat":[131,133],"product_tag":[],"class_list":{"0":"post-988129","1":"product","2":"type-product","3":"status-publish","4":"has-post-thumbnail","6":"product_cat-eskuvoi-csomagok-helyszini-installacioval","7":"product_cat-helyszini-installacio","9":"first","10":"instock","11":"shipping-taxable","12":"purchasable","13":"product-type-simple"},"acf":[],"jetpack_sharing_enabled":true,"_links":{"self":[{"href":"https:\/\/crescere.hu\/en\/wp-json\/wp\/v2\/product\/988129","targetHints":{"allow":["GET"]}}],"collection":[{"href":"https:\/\/crescere.hu\/en\/wp-json\/wp\/v2\/product"}],"about":[{"href":"https:\/\/crescere.hu\/en\/wp-json\/wp\/v2\/types\/product"}],"replies":[{"embeddable":true,"href":"https:\/\/crescere.hu\/en\/wp-json\/wp\/v2\/comments?post=988129"}],"version-history":[{"count":0,"href":"https:\/\/crescere.hu\/en\/wp-json\/wp\/v2\/product\/988129\/revisions"}],"wp:featuredmedia":[{"embeddable":true,"href":"https:\/\/crescere.hu\/en\/wp-json\/wp\/v2\/media\/10136"}],"wp:attachment":[{"href":"https:\/\/crescere.hu\/en\/wp-json\/wp\/v2\/media?parent=988129"}],"wp:term":[{"taxonomy":"product_brand","embeddable":true,"href":"https:\/\/crescere.hu\/en\/wp-json\/wp\/v2\/product_brand?post=988129"},{"taxonomy":"product_cat","embeddable":true,"href":"https:\/\/crescere.hu\/en\/wp-json\/wp\/v2\/product_cat?post=988129"},{"taxonomy":"product_tag","embeddable":true,"href":"https:\/\/crescere.hu\/en\/wp-json\/wp\/v2\/product_tag?post=988129"}],"curies":[{"name":"wp","href":"https:\/\/api.w.org\/{rel}","templated":true}]}}