{"id":987977,"date":"2025-05-21T07:39:55","date_gmt":"2025-05-21T07:39:55","guid":{"rendered":"https:\/\/crescere.hu\/?post_type=product&#038;p=987977"},"modified":"2025-07-17T13:40:19","modified_gmt":"2025-07-17T13:40:19","slug":"gasztro-dekoracios-workshop-mikrozoldekkel-es-eheto-viragokkal","status":"publish","type":"product","link":"https:\/\/crescere.hu\/en\/product\/gasztro-dekoracios-workshop-mikrozoldekkel-es-eheto-viragokkal\/","title":{"rendered":"Gastro decoration workshop with microgreens and edible flowers"},"content":{"rendered":"","protected":false},"excerpt":{"rendered":"<p><span style=\"font-weight: 400;\"><strong>\u00c9ttermi szintre hozn\u00e1d az otthoni t\u00e1lal\u00e1st?<\/strong> Akkor itt a helyed! A workshop betekint\u00e9st ny\u00fajt a mikroz\u00f6ld termeszt\u00e9s rejtelmeibe, megismerheted az apr\u00f3, sz\u00ednes, zamatos n\u00f6v\u00e9nyk\u00e9k fajt\u00e1it, felhaszn\u00e1l\u00e1si m\u00f3djait, valamint a vel\u00fck t\u00f6rt\u00e9n\u0151 dekorat\u00edv t\u00e1lal\u00e1s fort\u00e9lyait.<\/span><\/p>\n<p>&nbsp;<\/p>\n<p><span style=\"font-weight: 400;\"><strong>A k\u00e9t \u00f3r\u00e1s workshop<\/strong> sor\u00e1n lehet\u0151s\u00e9ged ny\u00edlik k\u00fcl\u00f6nf\u00e9le mikroz\u00f6ldeket k\u00f3stolni, \u00e9s magad is elk\u00e9sz\u00edtheted els\u0151 mikroz\u00f6ld \u00fcltetv\u00e9nyedet, amelynek el\u00e9g egy f\u00e9nyes ablakp\u00e1rk\u00e1ny a lak\u00e1sban. <strong>Nyolc-t\u00edz nap m\u00falva pedig vitaminokkal<\/strong>, nyomelemekkel, \u00e9s fitonutriensekkel gazdag, eg\u00e9szs\u00e9ges z\u00f6lds\u00e9get arathatsz magadnak, csal\u00e1dtagjaidnak, bar\u00e1taidnak, melyek igaz\u00e1n feldobj\u00e1k b\u00e1rmilyen \u00e9tel t\u00e1lal\u00e1s\u00e1t.<\/span><\/p>\n<p>&nbsp;<\/p>\n<p><span style=\"font-weight: 400;\">A workshopot Zsuzsa tartja, aki k\u00f6zel egy \u00e9vtizede kezdett mikroz\u00f6ldtermeszt\u00e9ssel foglalkozni, \u00e9s a t\u00e9m\u00e1ban k\u00fcl\u00f6nb\u00f6z\u0151 felk\u00e9r\u00e9sek sor\u00e1n workshopokat tartani.<\/span><\/p>","protected":false},"featured_media":988376,"comment_status":"closed","ping_status":"closed","template":"","meta":{"_acf_changed":false},"product_brand":[],"product_cat":[130],"product_tag":[],"class_list":{"0":"post-987977","1":"product","2":"type-product","3":"status-publish","4":"has-post-thumbnail","6":"product_cat-workshop","8":"first","9":"instock","10":"shipping-taxable","11":"purchasable","12":"product-type-simple"},"acf":[],"jetpack_sharing_enabled":true,"_links":{"self":[{"href":"https:\/\/crescere.hu\/en\/wp-json\/wp\/v2\/product\/987977","targetHints":{"allow":["GET"]}}],"collection":[{"href":"https:\/\/crescere.hu\/en\/wp-json\/wp\/v2\/product"}],"about":[{"href":"https:\/\/crescere.hu\/en\/wp-json\/wp\/v2\/types\/product"}],"replies":[{"embeddable":true,"href":"https:\/\/crescere.hu\/en\/wp-json\/wp\/v2\/comments?post=987977"}],"version-history":[{"count":0,"href":"https:\/\/crescere.hu\/en\/wp-json\/wp\/v2\/product\/987977\/revisions"}],"wp:featuredmedia":[{"embeddable":true,"href":"https:\/\/crescere.hu\/en\/wp-json\/wp\/v2\/media\/988376"}],"wp:attachment":[{"href":"https:\/\/crescere.hu\/en\/wp-json\/wp\/v2\/media?parent=987977"}],"wp:term":[{"taxonomy":"product_brand","embeddable":true,"href":"https:\/\/crescere.hu\/en\/wp-json\/wp\/v2\/product_brand?post=987977"},{"taxonomy":"product_cat","embeddable":true,"href":"https:\/\/crescere.hu\/en\/wp-json\/wp\/v2\/product_cat?post=987977"},{"taxonomy":"product_tag","embeddable":true,"href":"https:\/\/crescere.hu\/en\/wp-json\/wp\/v2\/product_tag?post=987977"}],"curies":[{"name":"wp","href":"https:\/\/api.w.org\/{rel}","templated":true}]}}