{"id":987975,"date":"2025-05-21T07:38:55","date_gmt":"2025-05-21T07:38:55","guid":{"rendered":"https:\/\/crescere.hu\/?post_type=product&#038;p=987975"},"modified":"2025-07-27T09:45:08","modified_gmt":"2025-07-27T09:45:08","slug":"eskuvoi-dekoracio-tervezo-workshop","status":"publish","type":"product","link":"https:\/\/crescere.hu\/en\/product\/eskuvoi-dekoracio-tervezo-workshop\/","title":{"rendered":"Wedding decoration design workshop"},"content":{"rendered":"","protected":false},"excerpt":{"rendered":"<p><span style=\"font-weight: 400;\">A workshop azok sz\u00e1m\u00e1ra ny\u00fajt t\u00e1mogat\u00e1st, akik esk\u00fcv\u0151re k\u00e9sz\u00fclnek, de nem szeretn\u00e9k a dekor\u00e1ci\u00f3t m\u00e1sra b\u00edzni. Ha te is k\u00edv\u00e1ncsi vagy az \u00e9l\u0151vir\u00e1gos dekor\u00e1ci\u00f3ban rejl\u0151 lehet\u0151s\u00e9gekre, \u00e9s szabadon szeretn\u00e9d engedni a fant\u00e1zi\u00e1dat, gyere el k\u00e9t\u00f3r\u00e1s workshopunkra! Elk\u00e9pzel\u00e9seidet konkr\u00e9t form\u00e1ba \u00f6ntj\u00fck, \u00e9s meghat\u00e1rozzuk a meg\u00e1lmodott dekor\u00e1ci\u00f3 saj\u00e1t kez\u0171 megval\u00f3s\u00edt\u00e1s\u00e1hoz vezet\u0151 konkr\u00e9t l\u00e9p\u00e9seket.<\/span><\/p>\n<p><span style=\"font-weight: 400;\">A k\u00e9t\u00f3r\u00e1s esem\u00e9ny sor\u00e1n a r\u00e9sztvev\u0151k meghat\u00e1rozz\u00e1k az esk\u00fcv\u0151 helysz\u00edn\u00e9hez illeszked\u0151 st\u00edlust, sz\u00ednpalett\u00e1t, a r\u00e9szletes terv l\u00e9p\u00e9seit, a dekor\u00e1ci\u00f3s elemeket, \u00e9s megismerhetik a f\u0151bb elemek elk\u00e9sz\u00edt\u00e9s\u00e9nek fort\u00e9lyait. A workshop sor\u00e1n, minden r\u00e9sztvev\u0151 elk\u00e9sz\u00edt, \u00e9s hazavihet egy \u00e9l\u0151vir\u00e1gos t\u0171z\u00f6tt dekor\u00e1ci\u00f3t, amely seg\u00edt az esk\u00fcv\u0151i dekor\u00e1ci\u00f3s tervek tov\u00e1bbgondol\u00e1s\u00e1ban.<\/span><\/p>","protected":false},"featured_media":6652,"comment_status":"closed","ping_status":"closed","template":"","meta":{"_acf_changed":false},"product_brand":[],"product_cat":[130],"product_tag":[],"class_list":{"0":"post-987975","1":"product","2":"type-product","3":"status-publish","4":"has-post-thumbnail","6":"product_cat-workshop","8":"first","9":"instock","10":"shipping-taxable","11":"purchasable","12":"product-type-simple"},"acf":[],"jetpack_sharing_enabled":true,"_links":{"self":[{"href":"https:\/\/crescere.hu\/en\/wp-json\/wp\/v2\/product\/987975","targetHints":{"allow":["GET"]}}],"collection":[{"href":"https:\/\/crescere.hu\/en\/wp-json\/wp\/v2\/product"}],"about":[{"href":"https:\/\/crescere.hu\/en\/wp-json\/wp\/v2\/types\/product"}],"replies":[{"embeddable":true,"href":"https:\/\/crescere.hu\/en\/wp-json\/wp\/v2\/comments?post=987975"}],"version-history":[{"count":0,"href":"https:\/\/crescere.hu\/en\/wp-json\/wp\/v2\/product\/987975\/revisions"}],"wp:featuredmedia":[{"embeddable":true,"href":"https:\/\/crescere.hu\/en\/wp-json\/wp\/v2\/media\/6652"}],"wp:attachment":[{"href":"https:\/\/crescere.hu\/en\/wp-json\/wp\/v2\/media?parent=987975"}],"wp:term":[{"taxonomy":"product_brand","embeddable":true,"href":"https:\/\/crescere.hu\/en\/wp-json\/wp\/v2\/product_brand?post=987975"},{"taxonomy":"product_cat","embeddable":true,"href":"https:\/\/crescere.hu\/en\/wp-json\/wp\/v2\/product_cat?post=987975"},{"taxonomy":"product_tag","embeddable":true,"href":"https:\/\/crescere.hu\/en\/wp-json\/wp\/v2\/product_tag?post=987975"}],"curies":[{"name":"wp","href":"https:\/\/api.w.org\/{rel}","templated":true}]}}