{"id":987971,"date":"2025-05-21T07:35:07","date_gmt":"2025-05-21T07:35:07","guid":{"rendered":"https:\/\/crescere.hu\/?post_type=product&#038;p=987971"},"modified":"2025-07-08T17:36:39","modified_gmt":"2025-07-08T17:36:39","slug":"asztaldisz-keszito-workshop","status":"publish","type":"product","link":"https:\/\/crescere.hu\/en\/product\/asztaldisz-keszito-workshop\/","title":{"rendered":"Table centerpiece making workshop"},"content":{"rendered":"","protected":false},"excerpt":{"rendered":"<p><span style=\"font-weight: 400;\">Flowers on every table! If you also prefer to sit at a table decorated with a fitting fresh flower arrangement, now you can learn how to create one yourself. Spend time surrounded by beautiful cut flowers and let your creativity run free. This event makes a great gift idea or a relaxing activity for couples or groups.<\/span><\/p>\n<p><span style=\"font-weight: 400;\">A k\u00e9t\u00f3r\u00e1s esem\u00e9ny sor\u00e1n a r\u00e9sztvev\u0151k megismerik a v\u00e1gott vir\u00e1gok kezel\u00e9s\u00e9nek, kond\u00edcion\u00e1l\u00e1s\u00e1nak m\u00f3dj\u00e1t, megtervezik, majd megalkotj\u00e1k a dekor\u00e1ci\u00f3t.<\/span><\/p>","protected":false},"featured_media":2002,"comment_status":"closed","ping_status":"closed","template":"","meta":{"_acf_changed":false},"product_brand":[],"product_cat":[130,87],"product_tag":[],"class_list":{"0":"post-987971","1":"product","2":"type-product","3":"status-publish","4":"has-post-thumbnail","6":"product_cat-workshop","7":"product_cat-workshops","9":"first","10":"instock","11":"shipping-taxable","12":"product-type-simple"},"acf":[],"jetpack_sharing_enabled":true,"_links":{"self":[{"href":"https:\/\/crescere.hu\/en\/wp-json\/wp\/v2\/product\/987971","targetHints":{"allow":["GET"]}}],"collection":[{"href":"https:\/\/crescere.hu\/en\/wp-json\/wp\/v2\/product"}],"about":[{"href":"https:\/\/crescere.hu\/en\/wp-json\/wp\/v2\/types\/product"}],"replies":[{"embeddable":true,"href":"https:\/\/crescere.hu\/en\/wp-json\/wp\/v2\/comments?post=987971"}],"version-history":[{"count":0,"href":"https:\/\/crescere.hu\/en\/wp-json\/wp\/v2\/product\/987971\/revisions"}],"wp:featuredmedia":[{"embeddable":true,"href":"https:\/\/crescere.hu\/en\/wp-json\/wp\/v2\/media\/2002"}],"wp:attachment":[{"href":"https:\/\/crescere.hu\/en\/wp-json\/wp\/v2\/media?parent=987971"}],"wp:term":[{"taxonomy":"product_brand","embeddable":true,"href":"https:\/\/crescere.hu\/en\/wp-json\/wp\/v2\/product_brand?post=987971"},{"taxonomy":"product_cat","embeddable":true,"href":"https:\/\/crescere.hu\/en\/wp-json\/wp\/v2\/product_cat?post=987971"},{"taxonomy":"product_tag","embeddable":true,"href":"https:\/\/crescere.hu\/en\/wp-json\/wp\/v2\/product_tag?post=987971"}],"curies":[{"name":"wp","href":"https:\/\/api.w.org\/{rel}","templated":true}]}}