{"id":988389,"date":"2025-06-24T15:45:20","date_gmt":"2025-06-24T15:45:20","guid":{"rendered":"https:\/\/crescere.hu\/?page_id=988389"},"modified":"2025-06-24T16:00:47","modified_gmt":"2025-06-24T16:00:47","slug":"impresszum","status":"publish","type":"page","link":"https:\/\/crescere.hu\/en\/impresszum\/","title":{"rendered":"Impresszum"},"content":{"rendered":"<div data-elementor-type=\"wp-page\" data-elementor-id=\"988389\" class=\"elementor elementor-988389\" data-elementor-post-type=\"page\">\n\t\t\t\t<div class=\"elementor-element elementor-element-ac9db49 e-flex e-con-boxed e-con e-parent\" data-id=\"ac9db49\" data-element_type=\"container\">\n\t\t\t\t\t<div class=\"e-con-inner\">\n\t\t\t\t<div class=\"vamtam-has-theme-widget-styles elementor-element elementor-element-04f873c elementor-widget elementor-widget-text-editor\" data-id=\"04f873c\" data-element_type=\"widget\" data-widget_type=\"text-editor.default\">\n\t\t\t\t<div class=\"elementor-widget-container\">\n\t\t\t\t\t\t\t\t\t<p>Az impresszum let\u00f6lt\u00e9s\u00e9hez <span style=\"text-decoration: underline;\"><strong><a href=\"https:\/\/crescere.hu\/wp-content\/uploads\/2025\/06\/Ne\u0301meth-Zsuzsanna-Impresszum.pdf\">kattints ide!<\/a><\/strong><\/span><br \/><br \/><b>C\u00e9gn\u00e9v<\/b><span style=\"font-weight: 400;\">:\u00a0 N\u00e9meth Zsuzsanna EV,<\/span><span style=\"font-weight: 400;\"><br \/><\/span><span style=\"font-weight: 400;\"><br \/><\/span><b>C\u00edm<\/b><span style=\"font-weight: 400;\">:\u00a0 2096 \u00dcr\u00f6m T\u00e1ncsics Mih\u00e1ly utca 31<\/span><\/p><p><b>Telefon<\/b><span style=\"font-weight: 400;\">: <\/span><span style=\"font-weight: 400;\">\u00a0\u00a0+36 70 198 5460 <\/span><span style=\"font-weight: 400;\"><br \/><\/span><span style=\"font-weight: 400;\"><br \/><\/span><b>E-mail<\/b><span style=\"font-weight: 400;\">:\u00a0 <\/span><a href=\"mailto:info@crescere.hu\"><span style=\"font-weight: 400;\">info@crescere.hu<\/span><\/a> <span style=\"font-weight: 400;\"><br \/><\/span><span style=\"font-weight: 400;\"><br \/><\/span><b>Internet<\/b><span style=\"font-weight: 400;\">: <\/span><a href=\"https:\/\/crescere.hu\/en\"><span style=\"font-weight: 400;\">https:\/\/crescere.hu\/<\/span><\/a> <span style=\"font-weight: 400;\"><br \/><\/span><span style=\"font-weight: 400;\"><br \/><\/span><b>A c\u00e9get bejegyz\u0151 hat\u00f3s\u00e1g<\/b><span style=\"font-weight: 400;\">: NAV<\/span><\/p><p><b>Ad\u00f3sz\u00e1m<\/b><span style=\"font-weight: 400;\">: 77508403-1-33<\/span><span style=\"font-weight: 400;\"><br \/><\/span><span style=\"font-weight: 400;\"><br \/><\/span><b>Kamara<\/b><span style=\"font-weight: 400;\">:<\/span><span style=\"font-weight: 400;\">\u00a0 V\u00e1rmegyei Kereskedelmi \u00e9s Iparkamara<\/span><\/p><p><b>T\u00e1rhelyszolg\u00e1ltat\u00f3<\/b><span style=\"font-weight: 400;\">: <\/span><span style=\"font-weight: 400;\">\u00a0<\/span><span style=\"font-weight: 400;\">\u00a0Profit\u00e1rhely KFT. ., C\u00edm: 1138 Budapest, Tomori utca 34. 2. emelet , el\u00e9rhet\u0151s\u00e9gek: E-mail: <\/span><a href=\"mailto:ugyfelszolgalat@profitarhely.hu\"><span style=\"font-weight: 400;\">ugyfelszolgalat@profitarhely.hu<\/span><\/a><span style=\"font-weight: 400;\">, <\/span><span style=\"font-weight: 400;\">Telefon: +36 20 254 0866 , Weboldal: <\/span><a href=\"https:\/\/profitarhely.hu\/\"><span style=\"font-weight: 400;\">https:\/\/profitarhely.hu<\/span><\/a><\/p>\t\t\t\t\t\t\t\t<\/div>\n\t\t\t\t<\/div>\n\t\t\t\t\t<\/div>\n\t\t\t\t<\/div>\n\t\t\t\t<\/div>","protected":false},"excerpt":{"rendered":"<p>Az impresszum let\u00f6lt\u00e9s\u00e9hez kattints ide! C\u00e9gn\u00e9v:\u00a0 N\u00e9meth Zsuzsanna EV, C\u00edm:\u00a0 2096 \u00dcr\u00f6m T\u00e1ncsics Mih\u00e1ly utca 31 Telefon: \u00a0\u00a0+36 70 198 5460 E-mail:\u00a0 info@crescere.hu Internet: https:\/\/crescere.hu\/ A c\u00e9get bejegyz\u0151 hat\u00f3s\u00e1g: NAV Ad\u00f3sz\u00e1m: 77508403-1-33 Kamara:\u00a0 V\u00e1rmegyei Kereskedelmi \u00e9s Iparkamara T\u00e1rhelyszolg\u00e1ltat\u00f3: \u00a0\u00a0Profit\u00e1rhely KFT. ., C\u00edm: 1138 Budapest, Tomori utca 34. 2. emelet , el\u00e9rhet\u0151s\u00e9gek: E-mail: ugyfelszolgalat@profitarhely.hu, Telefon: +36&#8230;<\/p>","protected":false},"author":1,"featured_media":0,"parent":0,"menu_order":0,"comment_status":"closed","ping_status":"closed","template":"","meta":{"_acf_changed":false,"footnotes":""},"class_list":["post-988389","page","type-page","status-publish","hentry"],"acf":[],"jetpack_sharing_enabled":true,"_links":{"self":[{"href":"https:\/\/crescere.hu\/en\/wp-json\/wp\/v2\/pages\/988389","targetHints":{"allow":["GET"]}}],"collection":[{"href":"https:\/\/crescere.hu\/en\/wp-json\/wp\/v2\/pages"}],"about":[{"href":"https:\/\/crescere.hu\/en\/wp-json\/wp\/v2\/types\/page"}],"author":[{"embeddable":true,"href":"https:\/\/crescere.hu\/en\/wp-json\/wp\/v2\/users\/1"}],"replies":[{"embeddable":true,"href":"https:\/\/crescere.hu\/en\/wp-json\/wp\/v2\/comments?post=988389"}],"version-history":[{"count":0,"href":"https:\/\/crescere.hu\/en\/wp-json\/wp\/v2\/pages\/988389\/revisions"}],"wp:attachment":[{"href":"https:\/\/crescere.hu\/en\/wp-json\/wp\/v2\/media?parent=988389"}],"curies":[{"name":"wp","href":"https:\/\/api.w.org\/{rel}","templated":true}]}}