{"id":988016,"date":"2025-05-26T09:29:49","date_gmt":"2025-05-26T09:29:49","guid":{"rendered":"https:\/\/crescere.hu\/?page_id=988016"},"modified":"2025-07-25T19:04:05","modified_gmt":"2025-07-25T19:04:05","slug":"rolam","status":"publish","type":"page","link":"https:\/\/crescere.hu\/en\/rolam\/","title":{"rendered":"R\u00f3lam"},"content":{"rendered":"<div data-elementor-type=\"wp-page\" data-elementor-id=\"988016\" class=\"elementor elementor-988016\" data-elementor-post-type=\"page\">\n\t\t\t\t\t\t<section class=\"elementor-section elementor-top-section elementor-element elementor-element-d8dc741 elementor-reverse-mobile elementor-section-boxed elementor-section-height-default elementor-section-height-default\" data-id=\"d8dc741\" data-element_type=\"section\" data-settings=\"{&quot;background_background&quot;:&quot;classic&quot;}\">\n\t\t\t\t\t\t<div class=\"elementor-container elementor-column-gap-default\">\n\t\t\t\t\t<div class=\"elementor-column elementor-col-50 elementor-top-column elementor-element elementor-element-cbdfc72\" data-id=\"cbdfc72\" data-element_type=\"column\">\n\t\t\t<div class=\"elementor-widget-wrap elementor-element-populated\">\n\t\t\t\t\t\t<div class=\"elementor-element elementor-element-269cd06 elementor-widget elementor-widget-heading\" data-id=\"269cd06\" data-element_type=\"widget\" data-widget_type=\"heading.default\">\n\t\t\t\t<div class=\"elementor-widget-container\">\n\t\t\t\t\t<h4 class=\"elementor-heading-title elementor-size-default\">Let me introduce myself,<\/h4>\t\t\t\t<\/div>\n\t\t\t\t<\/div>\n\t\t\t\t<div class=\"elementor-element elementor-element-a9a9808 elementor-widget elementor-widget-heading\" data-id=\"a9a9808\" data-element_type=\"widget\" data-widget_type=\"heading.default\">\n\t\t\t\t<div class=\"elementor-widget-container\">\n\t\t\t\t\t<h2 class=\"elementor-heading-title elementor-size-default\">My name is Zsuzsanna N\u00e9meth.<\/h2>\t\t\t\t<\/div>\n\t\t\t\t<\/div>\n\t\t\t\t<div class=\"vamtam-has-theme-widget-styles elementor-element elementor-element-aa14b84 elementor-widget elementor-widget-text-editor\" data-id=\"aa14b84\" data-element_type=\"widget\" data-widget_type=\"text-editor.default\">\n\t\t\t\t<div class=\"elementor-widget-container\">\n\t\t\t\t\t\t\t\t\t<p><span style=\"font-weight: 400;\">Wedding decorator, floral designer. I believe that a flower is not just decoration \u2013 it\u2019s a memory, a mood, a message that plays a meaningful role in our lives and connects us with nature.<\/span><\/p><p><span style=\"font-weight: 400;\">My work blends the slow wedding philosophy, sustainable materials, and a touch of magic \u2013 whether it's a wildflower bouquet or an atmospheric installation rising above the tables.<\/span><\/p><p><span style=\"font-weight: 400;\">The name Crescere Verde means \u201cto grow in green\u201d \u2013 to experience our moments as part of nature.\u00a0<\/span><\/p><p><span style=\"font-weight: 400;\">In the world of Crescere Verde, our team creates dreamlike floral decorations, slow wedding atmospheres, and eco-conscious visuals \u2013 personalized and heartfelt.<\/span><\/p>\t\t\t\t\t\t\t\t<\/div>\n\t\t\t\t<\/div>\n\t\t\t\t<div class=\"vamtam-has-theme-widget-styles elementor-element elementor-element-d5dc3cb elementor-invisible elementor-widget elementor-widget-button\" data-id=\"d5dc3cb\" data-element_type=\"widget\" data-settings=\"{&quot;_animation&quot;:&quot;fadeIn&quot;,&quot;_animation_tablet&quot;:&quot;none&quot;,&quot;_animation_delay&quot;:400}\" data-widget_type=\"button.default\">\n\t\t\t\t<div class=\"elementor-widget-container\">\n\t\t\t\t\t\t\t\t\t<div class=\"elementor-button-wrapper has-icon\">\n\t\t\t\t\t<a href=\"https:\/\/crescere.hu\/en\/workshopok\/\" class=\"elementor-button-link elementor-button elementor-animation-hang\" role=\"button\">\n\t\t\t\t\t\t\t\t\t\t\t\t\t\t\t<span class=\"elementor-button-content-wrapper\">\n\t\t\t\t\t\t<span class=\"elementor-button-icon\">\n\t\t\t\t<i aria-hidden=\"true\" class=\"fas fa-angle-double-right\"><\/i>\t\t\t<\/span>\n\t\t\t\t\t\t\t\t\t<span class=\"elementor-button-text\">My workshops<\/span>\n\t\t\t\t\t<\/span>\n\t\t\t\t\t\t\t\t\t\t\t\t\t<\/a>\n\t\t\t\t<\/div>\n\t\t\t\t\t\t\t\t<\/div>\n\t\t\t\t<\/div>\n\t\t\t\t\t<\/div>\n\t\t<\/div>\n\t\t\t\t<div class=\"elementor-column elementor-col-50 elementor-top-column elementor-element elementor-element-0d1e2ce\" data-id=\"0d1e2ce\" data-element_type=\"column\">\n\t\t\t<div class=\"elementor-widget-wrap elementor-element-populated\">\n\t\t\t\t\t\t<div class=\"vamtam-has-theme-widget-styles elementor-element elementor-element-487a1d2 elementor-widget elementor-widget-image\" data-id=\"487a1d2\" data-element_type=\"widget\" data-widget_type=\"image.default\">\n\t\t\t\t<div class=\"elementor-widget-container\">\n\t\t\t\t\t\t\t\t\t<div class=\"elementor-image\">\n\t\t\t\t\t\t\t\t\t\t\t\t\t\t\t\t\t\t\t\t\t<img fetchpriority=\"high\" decoding=\"async\" width=\"874\" height=\"922\" src=\"https:\/\/crescere.hu\/wp-content\/uploads\/2025\/05\/9543-e1748252062387.jpg\" class=\"attachment-full size-full wp-image-988018\" alt=\"\" srcset=\"https:\/\/crescere.hu\/wp-content\/uploads\/2025\/05\/9543-e1748252062387.jpg 874w, https:\/\/crescere.hu\/wp-content\/uploads\/2025\/05\/9543-e1748252062387-630x665.jpg 630w, https:\/\/crescere.hu\/wp-content\/uploads\/2025\/05\/9543-e1748252062387-64x68.jpg 64w, https:\/\/crescere.hu\/wp-content\/uploads\/2025\/05\/9543-e1748252062387-284x300.jpg 284w, https:\/\/crescere.hu\/wp-content\/uploads\/2025\/05\/9543-e1748252062387-768x810.jpg 768w\" sizes=\"(max-width: 874px) 100vw, 874px\" \/>\t\t\t\t\t\t\t\t\t\t\t\t\t\t\t\t\t\t\t\t\t\t\t\t<\/div>\n\t\t\t\t\t\t\t\t<\/div>\n\t\t\t\t<\/div>\n\t\t\t\t\t<\/div>\n\t\t<\/div>\n\t\t\t\t\t<\/div>\n\t\t<\/section>\n\t\t\t\t<\/div>","protected":false},"excerpt":{"rendered":"<p>Bemutatkozom, a nevem N\u00e9meth Zsuzsanna Esk\u00fcv\u0151i dekorat\u0151r, vir\u00e1gk\u00f6t\u0151. Hiszem, hogy a vir\u00e1g nem csak d\u00edsz \u2013 hanem eml\u00e9k, hangulat, \u00fczenet, amely \u00e9let\u00fcnk sor\u00e1n kiemelt szerepet j\u00e1tszik, \u00f6sszek\u00f6t a term\u00e9szettel. A munk\u00e1m \u00f6tv\u00f6zi a slow wedding szeml\u00e9letet, fenntarthat\u00f3 alapanyagokat \u00e9s egy csipet var\u00e1zslatot \u2013 legyen sz\u00f3 egy vadvir\u00e1gos csokorr\u00f3l vagy az asztalok f\u00f6l\u00e9 magasod\u00f3 hangulatos install\u00e1ci\u00f3r\u00f3l&#8230;.<\/p>","protected":false},"author":1,"featured_media":0,"parent":0,"menu_order":0,"comment_status":"closed","ping_status":"closed","template":"","meta":{"_acf_changed":false,"footnotes":""},"class_list":["post-988016","page","type-page","status-publish","hentry"],"acf":[],"jetpack_sharing_enabled":true,"_links":{"self":[{"href":"https:\/\/crescere.hu\/en\/wp-json\/wp\/v2\/pages\/988016","targetHints":{"allow":["GET"]}}],"collection":[{"href":"https:\/\/crescere.hu\/en\/wp-json\/wp\/v2\/pages"}],"about":[{"href":"https:\/\/crescere.hu\/en\/wp-json\/wp\/v2\/types\/page"}],"author":[{"embeddable":true,"href":"https:\/\/crescere.hu\/en\/wp-json\/wp\/v2\/users\/1"}],"replies":[{"embeddable":true,"href":"https:\/\/crescere.hu\/en\/wp-json\/wp\/v2\/comments?post=988016"}],"version-history":[{"count":0,"href":"https:\/\/crescere.hu\/en\/wp-json\/wp\/v2\/pages\/988016\/revisions"}],"wp:attachment":[{"href":"https:\/\/crescere.hu\/en\/wp-json\/wp\/v2\/media?parent=988016"}],"curies":[{"name":"wp","href":"https:\/\/api.w.org\/{rel}","templated":true}]}}