{"id":987995,"date":"2025-05-26T06:56:40","date_gmt":"2025-05-26T06:56:40","guid":{"rendered":"https:\/\/crescere.hu\/?page_id=987995"},"modified":"2025-07-30T07:31:26","modified_gmt":"2025-07-30T07:31:26","slug":"eskuvoi-ajanlatkeres","status":"publish","type":"page","link":"https:\/\/crescere.hu\/en\/eskuvoi-ajanlatkeres\/","title":{"rendered":"Wedding quote request"},"content":{"rendered":"<div data-elementor-type=\"wp-page\" data-elementor-id=\"987995\" class=\"elementor elementor-987995\" data-elementor-post-type=\"page\">\n\t\t\t\t\t\t<section class=\"elementor-section elementor-top-section elementor-element elementor-element-z8x1jtl elementor-reverse-mobile elementor-section-boxed elementor-section-height-default elementor-section-height-default\" data-id=\"z8x1jtl\" data-element_type=\"section\" data-settings=\"{&quot;background_background&quot;:&quot;classic&quot;}\">\n\t\t\t\t\t\t<div class=\"elementor-container elementor-column-gap-default\">\n\t\t\t\t\t<div class=\"elementor-column elementor-col-50 elementor-top-column elementor-element elementor-element-f25b8e3\" data-id=\"f25b8e3\" data-element_type=\"column\">\n\t\t\t<div class=\"elementor-widget-wrap elementor-element-populated\">\n\t\t\t\t\t\t<div class=\"elementor-element elementor-element-a4ae0fd elementor-widget elementor-widget-heading\" data-id=\"a4ae0fd\" data-element_type=\"widget\" data-widget_type=\"heading.default\">\n\t\t\t\t<div class=\"elementor-widget-container\">\n\t\t\t\t\t<h4 class=\"elementor-heading-title elementor-size-default\">Wedding quote request<\/h4>\t\t\t\t<\/div>\n\t\t\t\t<\/div>\n\t\t\t\t<div class=\"elementor-element elementor-element-d19f710 elementor-widget elementor-widget-heading\" data-id=\"d19f710\" data-element_type=\"widget\" data-widget_type=\"heading.default\">\n\t\t\t\t<div class=\"elementor-widget-container\">\n\t\t\t\t\t<h2 class=\"elementor-heading-title elementor-size-default\">Dear Engaged Couple,<\/h2>\t\t\t\t<\/div>\n\t\t\t\t<\/div>\n\t\t\t\t<div class=\"vamtam-has-theme-widget-styles elementor-element elementor-element-73a8420 elementor-widget elementor-widget-text-editor\" data-id=\"73a8420\" data-element_type=\"widget\" data-widget_type=\"text-editor.default\">\n\t\t\t\t<div class=\"elementor-widget-container\">\n\t\t\t\t\t\t\t\t\t<p><span style=\"font-weight: 400;\">It\u2019s a joy to see your interest in our floral world. Please fill out this short questionnaire so I can create a personalized quote \u2013 one that truly reflects who you are.<\/span><\/p>\t\t\t\t\t\t\t\t<\/div>\n\t\t\t\t<\/div>\n\t\t\t\t<div class=\"vamtam-has-theme-widget-styles elementor-element elementor-element-ebb25e2 elementor-button-align-stretch elementor-widget elementor-widget-form\" data-id=\"ebb25e2\" data-element_type=\"widget\" data-settings=\"{&quot;step_next_label&quot;:&quot;K\\u00f6vetkez\\u0151&quot;,&quot;step_previous_label&quot;:&quot;El\\u0151z\\u0151&quot;,&quot;button_width&quot;:&quot;100&quot;,&quot;step_type&quot;:&quot;number_text&quot;,&quot;step_icon_shape&quot;:&quot;circle&quot;}\" data-widget_type=\"form.default\">\n\t\t\t\t<div class=\"elementor-widget-container\">\n\t\t\t\t\t\t\t<form class=\"elementor-form\" method=\"post\" name=\"\u00daj \u0171rlap\" aria-label=\"\u00daj \u0171rlap\" action=\"\">\n\t\t\t<input type=\"hidden\" name=\"post_id\" value=\"987995\"\/>\n\t\t\t<input type=\"hidden\" name=\"form_id\" value=\"ebb25e2\"\/>\n\t\t\t<input type=\"hidden\" name=\"referer_title\" value=\"\" \/>\n\n\t\t\t\n\t\t\t<div class=\"elementor-form-fields-wrapper elementor-labels-\">\n\t\t\t\t\t\t\t\t<div class=\"elementor-field-type-text elementor-field-group elementor-column elementor-field-group-name elementor-col-60\">\n\t\t\t\t\t\t\t\t\t\t\t\t<label for=\"form-field-name\" class=\"elementor-field-label elementor-screen-only\">\n\t\t\t\t\t\t\t\tN\u00e9v\t\t\t\t\t\t\t<\/label>\n\t\t\t\t\t\t\t\t\t\t\t\t\t\t<input size=\"1\" type=\"text\" name=\"form_fields[name]\" id=\"form-field-name\" class=\"elementor-field elementor-size-sm  elementor-field-textual\" placeholder=\"Your Name\/Names\">\n\t\t\t\t\t\t\t\t\t\t\t<\/div>\n\t\t\t\t\t\t\t\t<div class=\"elementor-field-type-tel elementor-field-group elementor-column elementor-field-group-field_6fd720e elementor-col-40\">\n\t\t\t\t\t\t\t\t\t\t\t\t<label for=\"form-field-field_6fd720e\" class=\"elementor-field-label elementor-screen-only\">\n\t\t\t\t\t\t\t\tPhone number\t\t\t\t\t\t\t<\/label>\n\t\t\t\t\t\t\t\t<input size=\"1\" type=\"tel\" name=\"form_fields[field_6fd720e]\" id=\"form-field-field_6fd720e\" class=\"elementor-field elementor-size-sm  elementor-field-textual\" placeholder=\"Phone number\" pattern=\"[0-9()#&amp;+*-=.]+\" title=\"Only numbers and phone characters (#, -, *, etc) are accepted.\">\n\n\t\t\t\t\t\t<\/div>\n\t\t\t\t\t\t\t\t<div class=\"elementor-field-type-email elementor-field-group elementor-column elementor-field-group-email elementor-col-50 elementor-field-required\">\n\t\t\t\t\t\t\t\t\t\t\t\t<label for=\"form-field-email\" class=\"elementor-field-label elementor-screen-only\">\n\t\t\t\t\t\t\t\tEmail\t\t\t\t\t\t\t<\/label>\n\t\t\t\t\t\t\t\t\t\t\t\t\t\t<input size=\"1\" type=\"email\" name=\"form_fields[email]\" id=\"form-field-email\" class=\"elementor-field elementor-size-sm  elementor-field-textual\" placeholder=\"E-mail\" required=\"required\">\n\t\t\t\t\t\t\t\t\t\t\t<\/div>\n\t\t\t\t\t\t\t\t<div class=\"elementor-field-type-text elementor-field-group elementor-column elementor-field-group-field_fe73845 elementor-col-50\">\n\t\t\t\t\t\t\t\t\t\t\t\t<label for=\"form-field-field_fe73845\" class=\"elementor-field-label elementor-screen-only\">\n\t\t\t\t\t\t\t\tKapcsolattart\u00f3\t\t\t\t\t\t\t<\/label>\n\t\t\t\t\t\t\t\t\t\t\t\t\t\t<input size=\"1\" type=\"text\" name=\"form_fields[field_fe73845]\" id=\"form-field-field_fe73845\" class=\"elementor-field elementor-size-sm  elementor-field-textual\" placeholder=\"Contact Person\u2019s Name (If someone else is organizing)\">\n\t\t\t\t\t\t\t\t\t\t\t<\/div>\n\t\t\t\t\t\t\t\t<div class=\"elementor-field-type-text elementor-field-group elementor-column elementor-field-group-field_81190c2 elementor-col-66\">\n\t\t\t\t\t\t\t\t\t\t\t\t<label for=\"form-field-field_81190c2\" class=\"elementor-field-label elementor-screen-only\">\n\t\t\t\t\t\t\t\tHol tal\u00e1lt\u00e1l\t\t\t\t\t\t\t<\/label>\n\t\t\t\t\t\t\t\t\t\t\t\t\t\t<input size=\"1\" type=\"text\" name=\"form_fields[field_81190c2]\" id=\"form-field-field_81190c2\" class=\"elementor-field elementor-size-sm  elementor-field-textual\" placeholder=\"How did you find us? (Facebook, recommendation, etc.)\">\n\t\t\t\t\t\t\t\t\t\t\t<\/div>\n\t\t\t\t\t\t\t\t<div class=\"elementor-field-type-text elementor-field-group elementor-column elementor-field-group-field_fe31850 elementor-col-33\">\n\t\t\t\t\t\t\t\t\t\t\t\t<label for=\"form-field-field_fe31850\" class=\"elementor-field-label elementor-screen-only\">\n\t\t\t\t\t\t\t\tWedding date\t\t\t\t\t\t\t<\/label>\n\t\t\t\t\t\t\t\t\t\t\t\t\t\t<input size=\"1\" type=\"text\" name=\"form_fields[field_fe31850]\" id=\"form-field-field_fe31850\" class=\"elementor-field elementor-size-sm  elementor-field-textual\" placeholder=\"Wedding date\">\n\t\t\t\t\t\t\t\t\t\t\t<\/div>\n\t\t\t\t\t\t\t\t<div class=\"elementor-field-type-text elementor-field-group elementor-column elementor-field-group-field_207cf6b elementor-col-33\">\n\t\t\t\t\t\t\t\t\t\t\t\t<label for=\"form-field-field_207cf6b\" class=\"elementor-field-label elementor-screen-only\">\n\t\t\t\t\t\t\t\tHelysz\u00edn\t\t\t\t\t\t\t<\/label>\n\t\t\t\t\t\t\t\t\t\t\t\t\t\t<input size=\"1\" type=\"text\" name=\"form_fields[field_207cf6b]\" id=\"form-field-field_207cf6b\" class=\"elementor-field elementor-size-sm  elementor-field-textual\" placeholder=\"Venue(s)\">\n\t\t\t\t\t\t\t\t\t\t\t<\/div>\n\t\t\t\t\t\t\t\t<div class=\"elementor-field-type-select elementor-field-group elementor-column elementor-field-group-field_c0edd43 elementor-col-33\">\n\t\t\t\t\t\t\t\t\t\t\t\t<label for=\"form-field-field_c0edd43\" class=\"elementor-field-label elementor-screen-only\">\n\t\t\t\t\t\t\t\tSzertart\u00e1s\t\t\t\t\t\t\t<\/label>\n\t\t\t\t\t\t\t\t<div class=\"elementor-field elementor-select-wrapper remove-before\">\n\t\t\t<div class=\"select-caret-down-wrapper\">\n\t\t\t\t<i aria-hidden=\"true\" class=\"eicon-caret-down\"><\/i>\t\t\t<\/div>\n\t\t\t<select name=\"form_fields[field_c0edd43]\" id=\"form-field-field_c0edd43\" class=\"elementor-field-textual elementor-size-sm\">\n\t\t\t\t\t\t\t\t\t<option value=\"Szertart\u00e1s t\u00edpusa: Polg\u00e1ri\">Szertart\u00e1s t\u00edpusa: Polg\u00e1ri<\/option>\n\t\t\t\t\t\t\t\t\t<option value=\"Egyh\u00e1zi\">Religious ceremony<\/option>\n\t\t\t\t\t\t\t\t\t<option value=\"Polg\u00e1ri \u00e9s egyh\u00e1zi\">Civil and religious ceremony<\/option>\n\t\t\t\t\t\t\t\t\t<option value=\"Csak fogad\u00e1s\">Reception party only<\/option>\n\t\t\t\t\t\t\t<\/select>\n\t\t<\/div>\n\t\t\t\t\t\t<\/div>\n\t\t\t\t\t\t\t\t<div class=\"elementor-field-type-number elementor-field-group elementor-column elementor-field-group-field_54a1f8a elementor-col-33\">\n\t\t\t\t\t\t\t\t\t\t\t\t<label for=\"form-field-field_54a1f8a\" class=\"elementor-field-label elementor-screen-only\">\n\t\t\t\t\t\t\t\tVend\u00e9gek\t\t\t\t\t\t\t<\/label>\n\t\t\t\t\t\t\t\t\t<input type=\"number\" name=\"form_fields[field_54a1f8a]\" id=\"form-field-field_54a1f8a\" class=\"elementor-field elementor-size-sm  elementor-field-textual\" placeholder=\"Number of guests (approx.)\" min=\"\" max=\"\" >\n\t\t\t\t\t\t<\/div>\n\t\t\t\t\t\t\t\t<div class=\"elementor-field-type-text elementor-field-group elementor-column elementor-field-group-field_21fbeab elementor-col-100\">\n\t\t\t\t\t\t\t\t\t\t\t\t<label for=\"form-field-field_21fbeab\" class=\"elementor-field-label elementor-screen-only\">\n\t\t\t\t\t\t\t\tVir\u00e1g, sz\u00ednek\t\t\t\t\t\t\t<\/label>\n\t\t\t\t\t\t\t\t\t\t\t\t\t\t<input size=\"1\" type=\"text\" name=\"form_fields[field_21fbeab]\" id=\"form-field-field_21fbeab\" class=\"elementor-field elementor-size-sm  elementor-field-textual\" placeholder=\"Your favorite flowers or color preference\">\n\t\t\t\t\t\t\t\t\t\t\t<\/div>\n\t\t\t\t\t\t\t\t<div class=\"elementor-field-type-textarea elementor-field-group elementor-column elementor-field-group-message elementor-col-100\">\n\t\t\t\t\t\t\t\t\t\t\t\t<label for=\"form-field-message\" class=\"elementor-field-label elementor-screen-only\">\n\t\t\t\t\t\t\t\t\u00dczenet\t\t\t\t\t\t\t<\/label>\n\t\t\t\t\t\t<textarea class=\"elementor-field-textual elementor-field  elementor-size-sm\" name=\"form_fields[message]\" id=\"form-field-message\" rows=\"4\" placeholder=\"Any other important message or details you\u2019d like to share?\"><\/textarea>\t\t\t\t<\/div>\n\t\t\t\t\t\t\t\t<div class=\"elementor-field-group elementor-column elementor-field-type-submit elementor-col-100 e-form__buttons\">\n\t\t\t\t\t<button class=\"elementor-button elementor-size-sm elementor-animation-hang\" type=\"submit\" id=\"crescereverde.floraldesign@gmail.com\">\n\t\t\t\t\t\t<span class=\"elementor-button-content-wrapper\">\n\t\t\t\t\t\t\t\t\t\t\t\t\t\t\t\t\t\t\t\t\t\t<span class=\"elementor-button-text\">Send<\/span>\n\t\t\t\t\t\t\t\t\t\t\t\t\t<\/span>\n\t\t\t\t\t<\/button>\n\t\t\t\t<\/div>\n\t\t\t<\/div>\n\t\t<input type=\"hidden\" name=\"trp-form-language\" value=\"en\"\/><\/form>\n\t\t\t\t\t\t<\/div>\n\t\t\t\t<\/div>\n\t\t\t\t\t<\/div>\n\t\t<\/div>\n\t\t\t\t<div class=\"elementor-column elementor-col-50 elementor-top-column elementor-element elementor-element-8391c80\" data-id=\"8391c80\" data-element_type=\"column\">\n\t\t\t<div class=\"elementor-widget-wrap elementor-element-populated\">\n\t\t\t\t\t\t<div class=\"vamtam-has-theme-widget-styles elementor-element elementor-element-81cafaa elementor-widget elementor-widget-image\" data-id=\"81cafaa\" data-element_type=\"widget\" data-widget_type=\"image.default\">\n\t\t\t\t<div class=\"elementor-widget-container\">\n\t\t\t\t\t\t\t\t\t<div class=\"elementor-image\">\n\t\t\t\t\t\t\t\t\t\t\t\t\t\t\t\t\t\t\t\t\t<img fetchpriority=\"high\" decoding=\"async\" width=\"1707\" height=\"2560\" src=\"https:\/\/crescere.hu\/wp-content\/uploads\/2025\/05\/pexels-highervibration-8946497-scaled.jpg\" class=\"attachment-full size-full wp-image-988001\" alt=\"\" srcset=\"https:\/\/crescere.hu\/wp-content\/uploads\/2025\/05\/pexels-highervibration-8946497-scaled.jpg 1707w, https:\/\/crescere.hu\/wp-content\/uploads\/2025\/05\/pexels-highervibration-8946497-scaled-630x945.jpg 630w, https:\/\/crescere.hu\/wp-content\/uploads\/2025\/05\/pexels-highervibration-8946497-scaled-64x96.jpg 64w, https:\/\/crescere.hu\/wp-content\/uploads\/2025\/05\/pexels-highervibration-8946497-200x300.jpg 200w, https:\/\/crescere.hu\/wp-content\/uploads\/2025\/05\/pexels-highervibration-8946497-683x1024.jpg 683w, https:\/\/crescere.hu\/wp-content\/uploads\/2025\/05\/pexels-highervibration-8946497-768x1152.jpg 768w, https:\/\/crescere.hu\/wp-content\/uploads\/2025\/05\/pexels-highervibration-8946497-1024x1536.jpg 1024w, https:\/\/crescere.hu\/wp-content\/uploads\/2025\/05\/pexels-highervibration-8946497-1365x2048.jpg 1365w, https:\/\/crescere.hu\/wp-content\/uploads\/2025\/05\/pexels-highervibration-8946497-1260x1890.jpg 1260w\" sizes=\"(max-width: 1707px) 100vw, 1707px\" \/>\t\t\t\t\t\t\t\t\t\t\t\t\t\t\t\t\t\t\t\t\t\t\t\t<\/div>\n\t\t\t\t\t\t\t\t<\/div>\n\t\t\t\t<\/div>\n\t\t\t\t\t<\/div>\n\t\t<\/div>\n\t\t\t\t\t<\/div>\n\t\t<\/section>\n\t\t\t\t<\/div>","protected":false},"excerpt":{"rendered":"<p>Esk\u00fcv\u0151i aj\u00e1nlatk\u00e9r\u00e9s Kedves Jegyesp\u00e1r! \u00d6r\u00f6m sz\u00e1momra, hogy \u00e9rdekl\u0151dt\u00f6k a vir\u00e1gos vil\u00e1gunk ir\u00e1nt. K\u00e9rlek, t\u00f6lts\u00e9tek ki ezt a r\u00f6vid k\u00e9rd\u0151\u00edvet, hogy szem\u00e9lyre szabott aj\u00e1nlatot k\u00e9sz\u00edthessek \u2013 olyat, ami igaz\u00e1n r\u00f3latok sz\u00f3l.<\/p>","protected":false},"author":1,"featured_media":0,"parent":0,"menu_order":0,"comment_status":"closed","ping_status":"closed","template":"","meta":{"_acf_changed":false,"footnotes":""},"class_list":["post-987995","page","type-page","status-publish","hentry"],"acf":[],"jetpack_sharing_enabled":true,"_links":{"self":[{"href":"https:\/\/crescere.hu\/en\/wp-json\/wp\/v2\/pages\/987995","targetHints":{"allow":["GET"]}}],"collection":[{"href":"https:\/\/crescere.hu\/en\/wp-json\/wp\/v2\/pages"}],"about":[{"href":"https:\/\/crescere.hu\/en\/wp-json\/wp\/v2\/types\/page"}],"author":[{"embeddable":true,"href":"https:\/\/crescere.hu\/en\/wp-json\/wp\/v2\/users\/1"}],"replies":[{"embeddable":true,"href":"https:\/\/crescere.hu\/en\/wp-json\/wp\/v2\/comments?post=987995"}],"version-history":[{"count":0,"href":"https:\/\/crescere.hu\/en\/wp-json\/wp\/v2\/pages\/987995\/revisions"}],"wp:attachment":[{"href":"https:\/\/crescere.hu\/en\/wp-json\/wp\/v2\/media?parent=987995"}],"curies":[{"name":"wp","href":"https:\/\/api.w.org\/{rel}","templated":true}]}}