{"id":987983,"date":"2025-05-26T06:41:18","date_gmt":"2025-05-26T06:41:18","guid":{"rendered":"https:\/\/crescere.hu\/?page_id=987983"},"modified":"2025-12-14T17:56:29","modified_gmt":"2025-12-14T17:56:29","slug":"shop","status":"publish","type":"page","link":"https:\/\/crescere.hu\/en\/shop\/","title":{"rendered":"Shop"},"content":{"rendered":"<div data-elementor-type=\"wp-page\" data-elementor-id=\"987983\" class=\"elementor elementor-987983\" data-elementor-post-type=\"page\">\n\t\t\t\t<div class=\"elementor-element elementor-element-efec105 e-flex e-con-boxed e-con e-parent\" data-id=\"efec105\" data-element_type=\"container\" data-settings=\"{&quot;background_background&quot;:&quot;classic&quot;}\">\n\t\t\t\t\t<div class=\"e-con-inner\">\n\t\t\t\t<div class=\"elementor-element elementor-element-449d5a2 elementor-widget elementor-widget-heading\" data-id=\"449d5a2\" data-element_type=\"widget\" data-widget_type=\"heading.default\">\n\t\t\t\t<div class=\"elementor-widget-container\">\n\t\t\t\t\t<h4 class=\"elementor-heading-title elementor-size-default\">Szezon\u00e1lis dekor\u00e1ci\u00f3<\/h4>\t\t\t\t<\/div>\n\t\t\t\t<\/div>\n\t\t\t\t<div class=\"elementor-element elementor-element-b1c2b5e elementor-widget elementor-widget-heading\" data-id=\"b1c2b5e\" data-element_type=\"widget\" data-widget_type=\"heading.default\">\n\t\t\t\t<div class=\"elementor-widget-container\">\n\t\t\t\t\t<h2 class=\"elementor-heading-title elementor-size-default\">Szezon\u00e1lis csokrok, kopogtat\u00f3k<\/h2>\t\t\t\t<\/div>\n\t\t\t\t<\/div>\n\t\t\t\t\t<\/div>\n\t\t\t\t<\/div>\n\t\t<div class=\"elementor-element elementor-element-b570e11 e-flex e-con-boxed e-con e-parent\" data-id=\"b570e11\" data-element_type=\"container\">\n\t\t\t\t\t<div class=\"e-con-inner\">\n\t\t\t\t<div class=\"vamtam-has-theme-widget-styles elementor-element elementor-element-92d90a0 elementor-grid-3 elementor-grid-tablet-3 elementor-grid-mobile-2 elementor-products-grid elementor-wc-products vamtam-has-onsale-yes vamtam-has-new-badge elementor-widget elementor-widget-woocommerce-products\" data-id=\"92d90a0\" data-element_type=\"widget\" data-widget_type=\"woocommerce-products.default\">\n\t\t\t\t<div class=\"elementor-widget-container\">\n\t\t\t\t\t<div class=\"woocommerce columns-3\"><ul class=\"products elementor-grid vamtam-wc columns-3\">\n<li class=\"product type-product post-989141 status-publish first instock product_cat-szezonalis-csokrok_kopogtatok product_cat-uromi-szallitas shipping-taxable purchasable product-type-simple\">\n\t<a href=\"https:\/\/crescere.hu\/en\/product\/erdei-kopogtato-borokabogyoval-45-cm\/\" class=\"woocommerce-LoopProduct-link woocommerce-loop-product__link\"><img fetchpriority=\"high\" decoding=\"async\" width=\"420\" height=\"420\" src=\"https:\/\/crescere.hu\/wp-content\/uploads\/woocommerce-placeholder.webp\" class=\"woocommerce-placeholder wp-post-image\" alt=\"Placeholder\" srcset=\"https:\/\/crescere.hu\/wp-content\/uploads\/woocommerce-placeholder.webp 1200w, https:\/\/crescere.hu\/wp-content\/uploads\/woocommerce-placeholder-300x300.webp 300w, https:\/\/crescere.hu\/wp-content\/uploads\/woocommerce-placeholder-1024x1024.webp 1024w, https:\/\/crescere.hu\/wp-content\/uploads\/woocommerce-placeholder-150x150.webp 150w, https:\/\/crescere.hu\/wp-content\/uploads\/woocommerce-placeholder-768x768.webp 768w, https:\/\/crescere.hu\/wp-content\/uploads\/woocommerce-placeholder-12x12.webp 12w, https:\/\/crescere.hu\/wp-content\/uploads\/woocommerce-placeholder-840x840.webp 840w\" sizes=\"(max-width: 420px) 100vw, 420px\" data-no-translation-alt=\"\" \/><h2 class=\"woocommerce-loop-product__title\">Erdei kopogtat\u00f3 bor\u00f3kabogy\u00f3val &#8211; 45 cm<\/h2>\n\t<span class=\"price\"><span class=\"woocommerce-Price-amount amount\"><bdi>14.500&nbsp;<span class=\"woocommerce-Price-currencySymbol\">&#70;&#116;<\/span><\/bdi><\/span><\/span>\n<\/a><a href=\"?add-to-cart=989141\" aria-describedby=\"woocommerce_loop_add_to_cart_link_describedby_989141\" data-quantity=\"1\" class=\"button product_type_simple add_to_cart_button ajax_add_to_cart\" data-product_id=\"989141\" data-product_sku=\"\" aria-label=\"Add to basket: \u201cErdei kopogtat\u00f3 bor\u00f3kabogy\u00f3val - 45 cm\u201d\" rel=\"nofollow\" data-success_message=\"\u201cErdei kopogtat\u00f3 bor\u00f3kabogy\u00f3val - 45 cm\u201d has been added to your cart\" data-no-translation=\"\" data-trp-gettext=\"\" data-no-translation-aria-label=\"\" data-no-translation-data-success_message=\"\">Add to basket<\/a>\t<span id=\"woocommerce_loop_add_to_cart_link_describedby_989141\" class=\"screen-reader-text\">\n\t\t\t<\/span>\n<\/li>\n<li class=\"product type-product post-989107 status-publish instock product_cat-szezonalis-csokrok_kopogtatok product_cat-uromi-szallitas has-post-thumbnail shipping-taxable product-type-grouped\">\n\t<a href=\"https:\/\/crescere.hu\/en\/product\/teli-kopogtato-ajtodisz\/\" class=\"woocommerce-LoopProduct-link woocommerce-loop-product__link\"><img decoding=\"async\" width=\"420\" height=\"420\" src=\"https:\/\/crescere.hu\/wp-content\/uploads\/2025\/12\/1765203167780-scaled-e1765211999590-420x420.jpg\" class=\"attachment-woocommerce_thumbnail size-woocommerce_thumbnail\" alt=\"T\u00e9li kopogtat\u00f3 ajt\u00f3d\u00edsz - 50 cm\" srcset=\"https:\/\/crescere.hu\/wp-content\/uploads\/2025\/12\/1765203167780-scaled-e1765211999590-420x420.jpg 420w, https:\/\/crescere.hu\/wp-content\/uploads\/2025\/12\/1765203167780-scaled-e1765211999590-150x150.jpg 150w, https:\/\/crescere.hu\/wp-content\/uploads\/2025\/12\/1765203167780-scaled-e1765211999590-840x840.jpg 840w, https:\/\/crescere.hu\/wp-content\/uploads\/2025\/12\/1765203167780-scaled-e1765211999590-315x315.jpg 315w\" sizes=\"(max-width: 420px) 100vw, 420px\" \/><h2 class=\"woocommerce-loop-product__title\">T\u00e9li kopogtat\u00f3 ajt\u00f3d\u00edsz &#8211; 50 cm<\/h2>\n<\/a><a href=\"https:\/\/crescere.hu\/en\/product\/teli-kopogtato-ajtodisz\/\" aria-describedby=\"woocommerce_loop_add_to_cart_link_describedby_989107\" data-quantity=\"1\" class=\"button product_type_grouped\" data-product_id=\"989107\" data-product_sku=\"\" aria-label=\"View products in the \u201cT\u00e9li kopogtat\u00f3 ajt\u00f3d\u00edsz - 50 cm\u201d group\" rel=\"nofollow\" data-no-translation=\"\" data-trp-gettext=\"\" data-no-translation-aria-label=\"\">View products<\/a>\t<span id=\"woocommerce_loop_add_to_cart_link_describedby_989107\" class=\"screen-reader-text\">\n\t\t\t<\/span>\n<\/li>\n<li class=\"product type-product post-988998 status-publish last instock product_cat-uromi-szallitas has-post-thumbnail shipping-taxable purchasable product-type-simple\">\n\t<a href=\"https:\/\/crescere.hu\/en\/product\/asztali-kaspo-bronz\/\" class=\"woocommerce-LoopProduct-link woocommerce-loop-product__link\"><img decoding=\"async\" width=\"420\" height=\"420\" src=\"https:\/\/crescere.hu\/wp-content\/uploads\/2025\/07\/1000026107-1-e1753625019364-420x420.jpg\" class=\"attachment-woocommerce_thumbnail size-woocommerce_thumbnail\" alt=\"Table planter (bronze)\" srcset=\"https:\/\/crescere.hu\/wp-content\/uploads\/2025\/07\/1000026107-1-e1753625019364-420x420.jpg 420w, https:\/\/crescere.hu\/wp-content\/uploads\/2025\/07\/1000026107-1-e1753625019364-150x150.jpg 150w, https:\/\/crescere.hu\/wp-content\/uploads\/2025\/07\/1000026107-1-e1753625019364-315x315.jpg 315w\" sizes=\"(max-width: 420px) 100vw, 420px\" \/><h2 class=\"woocommerce-loop-product__title\">Table planter (bronze)<\/h2>\n\t<span class=\"price\"><span class=\"woocommerce-Price-amount amount\"><bdi>3.500&nbsp;<span class=\"woocommerce-Price-currencySymbol\">&#70;&#116;<\/span><\/bdi><\/span><\/span>\n<\/a><a href=\"?add-to-cart=988998\" aria-describedby=\"woocommerce_loop_add_to_cart_link_describedby_988998\" data-quantity=\"1\" class=\"button product_type_simple add_to_cart_button ajax_add_to_cart\" data-product_id=\"988998\" data-product_sku=\"\" aria-label=\"Add to basket: \u201cAsztali kasp\u00f3 (bronz)\u201d\" rel=\"nofollow\" data-success_message=\"\u201cAsztali kasp\u00f3 (bronz)\u201d has been added to your cart\" data-no-translation=\"\" data-trp-gettext=\"\" data-no-translation-aria-label=\"\" data-no-translation-data-success_message=\"\">Add to basket<\/a>\t<span id=\"woocommerce_loop_add_to_cart_link_describedby_988998\" class=\"screen-reader-text\">\n\t\t\t<\/span>\n<\/li>\n<li class=\"product type-product post-988958 status-publish first instock product_cat-uromi-szallitas has-post-thumbnail shipping-taxable purchasable product-type-simple\">\n\t<a href=\"https:\/\/crescere.hu\/en\/product\/asztaltabla-tarto\/\" class=\"woocommerce-LoopProduct-link woocommerce-loop-product__link\"><img loading=\"lazy\" decoding=\"async\" width=\"420\" height=\"420\" src=\"https:\/\/crescere.hu\/wp-content\/uploads\/2025\/07\/1000026046-1-e1753625581152-420x420.jpg\" class=\"attachment-woocommerce_thumbnail size-woocommerce_thumbnail\" alt=\"Table sign holder\" srcset=\"https:\/\/crescere.hu\/wp-content\/uploads\/2025\/07\/1000026046-1-e1753625581152-420x420.jpg 420w, https:\/\/crescere.hu\/wp-content\/uploads\/2025\/07\/1000026046-1-e1753625581152-300x300.jpg 300w, https:\/\/crescere.hu\/wp-content\/uploads\/2025\/07\/1000026046-1-e1753625581152-150x150.jpg 150w, https:\/\/crescere.hu\/wp-content\/uploads\/2025\/07\/1000026046-1-e1753625581152-12x12.jpg 12w, https:\/\/crescere.hu\/wp-content\/uploads\/2025\/07\/1000026046-1-e1753625581152-630x632.jpg 630w, https:\/\/crescere.hu\/wp-content\/uploads\/2025\/07\/1000026046-1-e1753625581152-315x315.jpg 315w, https:\/\/crescere.hu\/wp-content\/uploads\/2025\/07\/1000026046-1-e1753625581152.jpg 653w\" sizes=\"(max-width: 420px) 100vw, 420px\" \/><h2 class=\"woocommerce-loop-product__title\">Table sign holder<\/h2>\n\t<span class=\"price\"><span class=\"woocommerce-Price-amount amount\"><bdi>250&nbsp;<span class=\"woocommerce-Price-currencySymbol\">&#70;&#116;<\/span><\/bdi><\/span><\/span>\n<\/a><a href=\"?add-to-cart=988958\" aria-describedby=\"woocommerce_loop_add_to_cart_link_describedby_988958\" data-quantity=\"1\" class=\"button product_type_simple add_to_cart_button ajax_add_to_cart\" data-product_id=\"988958\" data-product_sku=\"\" aria-label=\"Add to basket: \u201cAsztalt\u00e1bla tart\u00f3\u201d\" rel=\"nofollow\" data-success_message=\"\u201cAsztalt\u00e1bla tart\u00f3\u201d has been added to your cart\" data-no-translation=\"\" data-trp-gettext=\"\" data-no-translation-aria-label=\"\" data-no-translation-data-success_message=\"\">Add to basket<\/a>\t<span id=\"woocommerce_loop_add_to_cart_link_describedby_988958\" class=\"screen-reader-text\">\n\t\t\t<\/span>\n<\/li>\n<li class=\"product type-product post-988954 status-publish instock product_cat-uromi-szallitas has-post-thumbnail shipping-taxable purchasable product-type-simple\">\n\t<a href=\"https:\/\/crescere.hu\/en\/product\/uveg-kehely\/\" class=\"woocommerce-LoopProduct-link woocommerce-loop-product__link\"><img loading=\"lazy\" decoding=\"async\" width=\"420\" height=\"420\" src=\"https:\/\/crescere.hu\/wp-content\/uploads\/2025\/07\/1000026107-1-e1753625019364-420x420.jpg\" class=\"attachment-woocommerce_thumbnail size-woocommerce_thumbnail\" alt=\"\u00c1tl\u00e1tsz\u00f3 \u00fcvegkehely - 240 ml\" srcset=\"https:\/\/crescere.hu\/wp-content\/uploads\/2025\/07\/1000026107-1-e1753625019364-420x420.jpg 420w, https:\/\/crescere.hu\/wp-content\/uploads\/2025\/07\/1000026107-1-e1753625019364-150x150.jpg 150w, https:\/\/crescere.hu\/wp-content\/uploads\/2025\/07\/1000026107-1-e1753625019364-315x315.jpg 315w\" sizes=\"(max-width: 420px) 100vw, 420px\" \/><h2 class=\"woocommerce-loop-product__title\">Clear glass goblet \u2013 240 ml<\/h2>\n\t<span class=\"price\"><span class=\"woocommerce-Price-amount amount\"><bdi>600&nbsp;<span class=\"woocommerce-Price-currencySymbol\">&#70;&#116;<\/span><\/bdi><\/span><\/span>\n<\/a><a href=\"?add-to-cart=988954\" aria-describedby=\"woocommerce_loop_add_to_cart_link_describedby_988954\" data-quantity=\"1\" class=\"button product_type_simple add_to_cart_button ajax_add_to_cart\" data-product_id=\"988954\" data-product_sku=\"\" aria-label=\"Add to basket: \u201c\u00c1tl\u00e1tsz\u00f3 \u00fcvegkehely - 240 ml\u201d\" rel=\"nofollow\" data-success_message=\"\u201c\u00c1tl\u00e1tsz\u00f3 \u00fcvegkehely - 240 ml\u201d has been added to your cart\" data-no-translation=\"\" data-trp-gettext=\"\" data-no-translation-aria-label=\"\" data-no-translation-data-success_message=\"\">Add to basket<\/a>\t<span id=\"woocommerce_loop_add_to_cart_link_describedby_988954\" class=\"screen-reader-text\">\n\t\t\t<\/span>\n<\/li>\n<li class=\"product type-product post-988948 status-publish last instock product_cat-uromi-szallitas has-post-thumbnail shipping-taxable purchasable product-type-simple\">\n\t<a href=\"https:\/\/crescere.hu\/en\/product\/mecses-tarto-tal\/\" class=\"woocommerce-LoopProduct-link woocommerce-loop-product__link\"><img loading=\"lazy\" decoding=\"async\" width=\"420\" height=\"420\" src=\"https:\/\/crescere.hu\/wp-content\/uploads\/2025\/07\/E0B5C69C-84CB-4BD9-8464-6EB3AA4FCB8B-420x420.png\" class=\"attachment-woocommerce_thumbnail size-woocommerce_thumbnail\" alt=\"Tealight holder\" srcset=\"https:\/\/crescere.hu\/wp-content\/uploads\/2025\/07\/E0B5C69C-84CB-4BD9-8464-6EB3AA4FCB8B-420x420.png 420w, https:\/\/crescere.hu\/wp-content\/uploads\/2025\/07\/E0B5C69C-84CB-4BD9-8464-6EB3AA4FCB8B-150x150.png 150w, https:\/\/crescere.hu\/wp-content\/uploads\/2025\/07\/E0B5C69C-84CB-4BD9-8464-6EB3AA4FCB8B-840x840.png 840w, https:\/\/crescere.hu\/wp-content\/uploads\/2025\/07\/E0B5C69C-84CB-4BD9-8464-6EB3AA4FCB8B-315x315.png 315w\" sizes=\"(max-width: 420px) 100vw, 420px\" \/><h2 class=\"woocommerce-loop-product__title\">Tealight holder<\/h2>\n\t<span class=\"price\"><span class=\"woocommerce-Price-amount amount\"><bdi>1.500&nbsp;<span class=\"woocommerce-Price-currencySymbol\">&#70;&#116;<\/span><\/bdi><\/span><\/span>\n<\/a><a href=\"?add-to-cart=988948\" aria-describedby=\"woocommerce_loop_add_to_cart_link_describedby_988948\" data-quantity=\"1\" class=\"button product_type_simple add_to_cart_button ajax_add_to_cart\" data-product_id=\"988948\" data-product_sku=\"\" aria-label=\"Add to basket: \u201cM\u00e9csestart\u00f3\u201d\" rel=\"nofollow\" data-success_message=\"\u201cM\u00e9csestart\u00f3\u201d has been added to your cart\" data-no-translation=\"\" data-trp-gettext=\"\" data-no-translation-aria-label=\"\" data-no-translation-data-success_message=\"\">Add to basket<\/a>\t<span id=\"woocommerce_loop_add_to_cart_link_describedby_988948\" class=\"screen-reader-text\">\n\t\t\t<\/span>\n<\/li>\n<li class=\"product type-product post-988939 status-publish first instock product_cat-uromi-szallitas has-post-thumbnail shipping-taxable purchasable product-type-simple\">\n\t<a href=\"https:\/\/crescere.hu\/en\/product\/asztali-kaspo-arany\/\" class=\"woocommerce-LoopProduct-link woocommerce-loop-product__link\"><img loading=\"lazy\" decoding=\"async\" width=\"420\" height=\"420\" src=\"https:\/\/crescere.hu\/wp-content\/uploads\/2025\/07\/1000026359-420x420.jpg\" class=\"attachment-woocommerce_thumbnail size-woocommerce_thumbnail\" alt=\"Table planter (golden)\" srcset=\"https:\/\/crescere.hu\/wp-content\/uploads\/2025\/07\/1000026359-420x420.jpg 420w, https:\/\/crescere.hu\/wp-content\/uploads\/2025\/07\/1000026359-150x150.jpg 150w, https:\/\/crescere.hu\/wp-content\/uploads\/2025\/07\/1000026359-840x840.jpg 840w, https:\/\/crescere.hu\/wp-content\/uploads\/2025\/07\/1000026359-315x315.jpg 315w\" sizes=\"(max-width: 420px) 100vw, 420px\" \/><h2 class=\"woocommerce-loop-product__title\">Table planter (golden)<\/h2>\n\t<span class=\"price\"><span class=\"woocommerce-Price-amount amount\"><bdi>3.500&nbsp;<span class=\"woocommerce-Price-currencySymbol\">&#70;&#116;<\/span><\/bdi><\/span><\/span>\n<\/a><a href=\"?add-to-cart=988939\" aria-describedby=\"woocommerce_loop_add_to_cart_link_describedby_988939\" data-quantity=\"1\" class=\"button product_type_simple add_to_cart_button ajax_add_to_cart\" data-product_id=\"988939\" data-product_sku=\"\" aria-label=\"Add to basket: \u201cAsztali kasp\u00f3 (arany)\u201d\" rel=\"nofollow\" data-success_message=\"\u201cAsztali kasp\u00f3 (arany)\u201d has been added to your cart\" data-no-translation=\"\" data-trp-gettext=\"\" data-no-translation-aria-label=\"\" data-no-translation-data-success_message=\"\">Add to basket<\/a>\t<span id=\"woocommerce_loop_add_to_cart_link_describedby_988939\" class=\"screen-reader-text\">\n\t\t\t<\/span>\n<\/li>\n<li class=\"product type-product post-988936 status-publish instock product_cat-uromi-szallitas has-post-thumbnail shipping-taxable purchasable product-type-simple\">\n\t<a href=\"https:\/\/crescere.hu\/en\/product\/elefantcsont-textil-szalveta\/\" class=\"woocommerce-LoopProduct-link woocommerce-loop-product__link\"><img loading=\"lazy\" decoding=\"async\" width=\"420\" height=\"420\" src=\"https:\/\/crescere.hu\/wp-content\/uploads\/2025\/07\/1000026107-e1753622624541-420x420.jpg\" class=\"attachment-woocommerce_thumbnail size-woocommerce_thumbnail\" alt=\"Ivory-colored fabric napkin\" srcset=\"https:\/\/crescere.hu\/wp-content\/uploads\/2025\/07\/1000026107-e1753622624541-420x420.jpg 420w, https:\/\/crescere.hu\/wp-content\/uploads\/2025\/07\/1000026107-e1753622624541-150x150.jpg 150w, https:\/\/crescere.hu\/wp-content\/uploads\/2025\/07\/1000026107-e1753622624541-840x840.jpg 840w, https:\/\/crescere.hu\/wp-content\/uploads\/2025\/07\/1000026107-e1753622624541-315x315.jpg 315w\" sizes=\"(max-width: 420px) 100vw, 420px\" \/><h2 class=\"woocommerce-loop-product__title\">Ivory-colored fabric napkin<\/h2>\n\t<span class=\"price\"><span class=\"woocommerce-Price-amount amount\"><bdi>700&nbsp;<span class=\"woocommerce-Price-currencySymbol\">&#70;&#116;<\/span><\/bdi><\/span><\/span>\n<\/a><a href=\"?add-to-cart=988936\" aria-describedby=\"woocommerce_loop_add_to_cart_link_describedby_988936\" data-quantity=\"1\" class=\"button product_type_simple add_to_cart_button ajax_add_to_cart\" data-product_id=\"988936\" data-product_sku=\"\" aria-label=\"Add to basket: \u201cElef\u00e1ntcsont sz\u00edn\u0171 textilszalv\u00e9ta\u201d\" rel=\"nofollow\" data-success_message=\"\u201cElef\u00e1ntcsont sz\u00edn\u0171 textilszalv\u00e9ta\u201d has been added to your cart\" data-no-translation=\"\" data-trp-gettext=\"\" data-no-translation-aria-label=\"\" data-no-translation-data-success_message=\"\">Add to basket<\/a>\t<span id=\"woocommerce_loop_add_to_cart_link_describedby_988936\" class=\"screen-reader-text\">\n\t\t\t<\/span>\n<\/li>\n<li class=\"product type-product post-988932 status-publish last instock product_cat-uromi-szallitas has-post-thumbnail shipping-taxable purchasable product-type-simple\">\n\t<a href=\"https:\/\/crescere.hu\/en\/product\/kek-uveg-pohar\/\" class=\"woocommerce-LoopProduct-link woocommerce-loop-product__link\"><img loading=\"lazy\" decoding=\"async\" width=\"420\" height=\"420\" src=\"https:\/\/crescere.hu\/wp-content\/uploads\/2025\/07\/1000026189-e1753622350119-420x420.jpg\" class=\"attachment-woocommerce_thumbnail size-woocommerce_thumbnail\" alt=\"Blue glass cup\" srcset=\"https:\/\/crescere.hu\/wp-content\/uploads\/2025\/07\/1000026189-e1753622350119-420x420.jpg 420w, https:\/\/crescere.hu\/wp-content\/uploads\/2025\/07\/1000026189-e1753622350119-150x150.jpg 150w, https:\/\/crescere.hu\/wp-content\/uploads\/2025\/07\/1000026189-e1753622350119-840x840.jpg 840w, https:\/\/crescere.hu\/wp-content\/uploads\/2025\/07\/1000026189-e1753622350119-315x315.jpg 315w\" sizes=\"(max-width: 420px) 100vw, 420px\" \/><h2 class=\"woocommerce-loop-product__title\">Blue glass cup<\/h2>\n\t<span class=\"price\"><span class=\"woocommerce-Price-amount amount\"><bdi>800&nbsp;<span class=\"woocommerce-Price-currencySymbol\">&#70;&#116;<\/span><\/bdi><\/span><\/span>\n<\/a><a href=\"?add-to-cart=988932\" aria-describedby=\"woocommerce_loop_add_to_cart_link_describedby_988932\" data-quantity=\"1\" class=\"button product_type_simple add_to_cart_button ajax_add_to_cart\" data-product_id=\"988932\" data-product_sku=\"\" aria-label=\"Add to basket: \u201cK\u00e9k \u00fcvegpoh\u00e1r\u201d\" rel=\"nofollow\" data-success_message=\"\u201cK\u00e9k \u00fcvegpoh\u00e1r\u201d has been added to your cart\" data-no-translation=\"\" data-trp-gettext=\"\" data-no-translation-aria-label=\"\" data-no-translation-data-success_message=\"\">Add to basket<\/a>\t<span id=\"woocommerce_loop_add_to_cart_link_describedby_988932\" class=\"screen-reader-text\">\n\t\t\t<\/span>\n<\/li>\n<li class=\"product type-product post-988245 status-publish first instock product_cat-uromi-szallitas has-post-thumbnail shipping-taxable purchasable product-type-simple\">\n\t<a href=\"https:\/\/crescere.hu\/en\/product\/szarazvirag-dekoracios-szett\/\" class=\"woocommerce-LoopProduct-link woocommerce-loop-product__link\"><img loading=\"lazy\" decoding=\"async\" width=\"420\" height=\"420\" src=\"https:\/\/crescere.hu\/wp-content\/uploads\/2022\/03\/iStock-1256676691-420x420.jpg\" class=\"attachment-woocommerce_thumbnail size-woocommerce_thumbnail\" alt=\"Dried flower decoration set\" srcset=\"https:\/\/crescere.hu\/wp-content\/uploads\/2022\/03\/iStock-1256676691-420x420.jpg 420w, https:\/\/crescere.hu\/wp-content\/uploads\/2022\/03\/iStock-1256676691-315x315.jpg 315w, https:\/\/crescere.hu\/wp-content\/uploads\/2022\/03\/iStock-1256676691-150x150.jpg 150w, https:\/\/crescere.hu\/wp-content\/uploads\/2022\/03\/iStock-1256676691-840x840.jpg 840w\" sizes=\"(max-width: 420px) 100vw, 420px\" \/><h2 class=\"woocommerce-loop-product__title\">Dried flower decoration set<\/h2>\n\t<span class=\"price\"><span class=\"woocommerce-Price-amount amount\"><bdi>29.990&nbsp;<span class=\"woocommerce-Price-currencySymbol\">&#70;&#116;<\/span><\/bdi><\/span><\/span>\n<\/a><a href=\"?add-to-cart=988245\" aria-describedby=\"woocommerce_loop_add_to_cart_link_describedby_988245\" data-quantity=\"1\" class=\"button product_type_simple add_to_cart_button ajax_add_to_cart\" data-product_id=\"988245\" data-product_sku=\"\" aria-label=\"Add to basket: \u201cSz\u00e1razvir\u00e1g dekor\u00e1ci\u00f3s szett\u201d\" rel=\"nofollow\" data-success_message=\"\u201cSz\u00e1razvir\u00e1g dekor\u00e1ci\u00f3s szett\u201d has been added to your cart\" data-no-translation=\"\" data-trp-gettext=\"\" data-no-translation-aria-label=\"\" data-no-translation-data-success_message=\"\">Add to basket<\/a>\t<span id=\"woocommerce_loop_add_to_cart_link_describedby_988245\" class=\"screen-reader-text\">\n\t\t\t<\/span>\n<\/li>\n<li class=\"product type-product post-988239 status-publish instock product_cat-uromi-szallitas has-post-thumbnail shipping-taxable purchasable product-type-simple\">\n\t<a href=\"https:\/\/crescere.hu\/en\/product\/maxi-csomag\/\" class=\"woocommerce-LoopProduct-link woocommerce-loop-product__link\"><img loading=\"lazy\" decoding=\"async\" width=\"420\" height=\"420\" src=\"https:\/\/crescere.hu\/wp-content\/uploads\/2025\/05\/pexels-imagestudio-1488310-420x420.jpg\" class=\"attachment-woocommerce_thumbnail size-woocommerce_thumbnail\" alt=\"&quot;Maxi&quot; csomag\" srcset=\"https:\/\/crescere.hu\/wp-content\/uploads\/2025\/05\/pexels-imagestudio-1488310-420x420.jpg 420w, https:\/\/crescere.hu\/wp-content\/uploads\/2025\/05\/pexels-imagestudio-1488310-150x150.jpg 150w, https:\/\/crescere.hu\/wp-content\/uploads\/2025\/05\/pexels-imagestudio-1488310-840x840.jpg 840w, https:\/\/crescere.hu\/wp-content\/uploads\/2025\/05\/pexels-imagestudio-1488310-315x315.jpg 315w\" sizes=\"(max-width: 420px) 100vw, 420px\" \/><h2 class=\"woocommerce-loop-product__title\">\"Maxi\" package<\/h2>\n\t<span class=\"price\"><span class=\"woocommerce-Price-amount amount\"><bdi>190.000&nbsp;<span class=\"woocommerce-Price-currencySymbol\">&#70;&#116;<\/span><\/bdi><\/span><\/span>\n<\/a><a href=\"?add-to-cart=988239\" aria-describedby=\"woocommerce_loop_add_to_cart_link_describedby_988239\" data-quantity=\"1\" class=\"button product_type_simple add_to_cart_button ajax_add_to_cart\" data-product_id=\"988239\" data-product_sku=\"\" aria-label=\"Add to basket: \u201c&quot;Maxi&quot; csomag\u201d\" rel=\"nofollow\" data-success_message=\"\u201c&quot;Maxi&quot; csomag\u201d has been added to your cart\" data-no-translation=\"\" data-trp-gettext=\"\" data-no-translation-aria-label=\"\" data-no-translation-data-success_message=\"\">Add to basket<\/a>\t<span id=\"woocommerce_loop_add_to_cart_link_describedby_988239\" class=\"screen-reader-text\">\n\t\t\t<\/span>\n<\/li>\n<li class=\"product type-product post-988237 status-publish last instock product_cat-uromi-szallitas has-post-thumbnail shipping-taxable purchasable product-type-simple\">\n\t<a href=\"https:\/\/crescere.hu\/en\/product\/midi-csomag\/\" class=\"woocommerce-LoopProduct-link woocommerce-loop-product__link\"><img loading=\"lazy\" decoding=\"async\" width=\"420\" height=\"420\" src=\"https:\/\/crescere.hu\/wp-content\/uploads\/2022\/02\/jonathan-borba-cW6WOyXbIeU-unsplash-420x420.jpg\" class=\"attachment-woocommerce_thumbnail size-woocommerce_thumbnail\" alt=\"&quot;Midi&quot; csomag\" srcset=\"https:\/\/crescere.hu\/wp-content\/uploads\/2022\/02\/jonathan-borba-cW6WOyXbIeU-unsplash-420x420.jpg 420w, https:\/\/crescere.hu\/wp-content\/uploads\/2022\/02\/jonathan-borba-cW6WOyXbIeU-unsplash-315x315.jpg 315w, https:\/\/crescere.hu\/wp-content\/uploads\/2022\/02\/jonathan-borba-cW6WOyXbIeU-unsplash-150x150.jpg 150w\" sizes=\"(max-width: 420px) 100vw, 420px\" \/><h2 class=\"woocommerce-loop-product__title\">\"Midi\" package<\/h2>\n\t<span class=\"price\"><span class=\"woocommerce-Price-amount amount\"><bdi>105.000&nbsp;<span class=\"woocommerce-Price-currencySymbol\">&#70;&#116;<\/span><\/bdi><\/span><\/span>\n<\/a><a href=\"?add-to-cart=988237\" aria-describedby=\"woocommerce_loop_add_to_cart_link_describedby_988237\" data-quantity=\"1\" class=\"button product_type_simple add_to_cart_button ajax_add_to_cart\" data-product_id=\"988237\" data-product_sku=\"\" aria-label=\"Add to basket: \u201c&quot;Midi&quot; csomag\u201d\" rel=\"nofollow\" data-success_message=\"\u201c&quot;Midi&quot; csomag\u201d has been added to your cart\" data-no-translation=\"\" data-trp-gettext=\"\" data-no-translation-aria-label=\"\" data-no-translation-data-success_message=\"\">Add to basket<\/a>\t<span id=\"woocommerce_loop_add_to_cart_link_describedby_988237\" class=\"screen-reader-text\">\n\t\t\t<\/span>\n<\/li>\n<\/ul>\n<\/div>\t\t\t\t<\/div>\n\t\t\t\t<\/div>\n\t\t\t\t\t<\/div>\n\t\t\t\t<\/div>\n\t\t\t\t<\/div>","protected":false},"excerpt":{"rendered":"<p>Szezon\u00e1lis dekor\u00e1ci\u00f3 Szezon\u00e1lis csokrok, kopogtat\u00f3k<\/p>","protected":false},"author":1,"featured_media":0,"parent":0,"menu_order":0,"comment_status":"closed","ping_status":"closed","template":"","meta":{"_acf_changed":false,"footnotes":""},"class_list":["post-987983","page","type-page","status-publish","hentry"],"acf":[],"jetpack_sharing_enabled":true,"_links":{"self":[{"href":"https:\/\/crescere.hu\/en\/wp-json\/wp\/v2\/pages\/987983","targetHints":{"allow":["GET"]}}],"collection":[{"href":"https:\/\/crescere.hu\/en\/wp-json\/wp\/v2\/pages"}],"about":[{"href":"https:\/\/crescere.hu\/en\/wp-json\/wp\/v2\/types\/page"}],"author":[{"embeddable":true,"href":"https:\/\/crescere.hu\/en\/wp-json\/wp\/v2\/users\/1"}],"replies":[{"embeddable":true,"href":"https:\/\/crescere.hu\/en\/wp-json\/wp\/v2\/comments?post=987983"}],"version-history":[{"count":0,"href":"https:\/\/crescere.hu\/en\/wp-json\/wp\/v2\/pages\/987983\/revisions"}],"wp:attachment":[{"href":"https:\/\/crescere.hu\/en\/wp-json\/wp\/v2\/media?parent=987983"}],"curies":[{"name":"wp","href":"https:\/\/api.w.org\/{rel}","templated":true}]}}